{"id":283,"date":"2019-01-14T22:34:37","date_gmt":"2019-01-14T22:34:37","guid":{"rendered":"http:\/\/smart-outsourcing.com\/?page_id=283"},"modified":"2022-12-29T12:14:01","modified_gmt":"2022-12-29T12:14:01","slug":"financial-reporting-services","status":"publish","type":"page","link":"https:\/\/smart-outsourcing.com\/de\/bwa-reporting-susa-liste-bilanz-und-guv-aufstellung\/","title":{"rendered":"BWA Reporting &amp; Berichterstattung"},"content":{"rendered":"<div data-elementor-type=\"wp-post\" data-elementor-id=\"283\" class=\"elementor elementor-283 elementor-bc-flex-widget\">\n\t\t\t\t\t\t<div class=\"elementor-inner\">\n\t\t\t\t<div class=\"elementor-section-wrap\">\n\t\t\t\t\t\t\t\t\t<section class=\"elementor-section elementor-top-section elementor-element elementor-element-ce6f5ba elementor-section-boxed elementor-section-height-default elementor-section-height-default\" data-id=\"ce6f5ba\" data-element_type=\"section\">\n\t\t\t\t\t\t<div class=\"elementor-container elementor-column-gap-default\">\n\t\t\t\t\t\t\t<div class=\"elementor-row\">\n\t\t\t\t\t<div class=\"elementor-column elementor-col-100 elementor-top-column elementor-element elementor-element-a0c3c50\" data-id=\"a0c3c50\" data-element_type=\"column\">\n\t\t\t<div class=\"elementor-column-wrap elementor-element-populated\">\n\t\t\t\t\t\t\t<div class=\"elementor-widget-wrap\">\n\t\t\t\t\t\t<div class=\"elementor-element elementor-element-d750f37 elementor-widget elementor-widget-spacer\" data-id=\"d750f37\" data-element_type=\"widget\" data-widget_type=\"spacer.default\">\n\t\t\t\t<div class=\"elementor-widget-container\">\n\t\t\t\t\t<div class=\"elementor-spacer\">\n\t\t\t<div class=\"elementor-spacer-inner\"><\/div>\n\t\t<\/div>\n\t\t\t\t<\/div>\n\t\t\t\t<\/div>\n\t\t\t\t<div class=\"elementor-element elementor-element-061eceb elementor-view-default elementor-widget elementor-widget-icon\" data-id=\"061eceb\" data-element_type=\"widget\" data-widget_type=\"icon.default\">\n\t\t\t\t<div class=\"elementor-widget-container\">\n\t\t\t\t\t<div class=\"elementor-icon-wrapper\">\n\t\t\t<div class=\"elementor-icon\">\n\t\t\t\t\t\t\t<i class=\"fa fa-area-chart\" aria-hidden=\"true\"><\/i>\n\t\t\t\t\t\t<\/div>\n\t\t<\/div>\n\t\t\t\t<\/div>\n\t\t\t\t<\/div>\n\t\t\t\t\t\t<\/div>\n\t\t\t\t\t<\/div>\n\t\t<\/div>\n\t\t\t\t\t\t\t\t<\/div>\n\t\t\t\t\t<\/div>\n\t\t<\/section>\n\t\t\t\t<section class=\"elementor-section elementor-top-section elementor-element elementor-element-38a6090 elementor-section-boxed elementor-section-height-default elementor-section-height-default\" data-id=\"38a6090\" data-element_type=\"section\">\n\t\t\t\t\t\t<div class=\"elementor-container elementor-column-gap-default\">\n\t\t\t\t\t\t\t<div class=\"elementor-row\">\n\t\t\t\t\t<div class=\"elementor-column elementor-col-100 elementor-top-column elementor-element elementor-element-4b35c63\" data-id=\"4b35c63\" data-element_type=\"column\">\n\t\t\t<div class=\"elementor-column-wrap elementor-element-populated\">\n\t\t\t\t\t\t\t<div class=\"elementor-widget-wrap\">\n\t\t\t\t\t\t<div class=\"elementor-element elementor-element-4f6d347 elementor-widget elementor-widget-heading\" data-id=\"4f6d347\" data-element_type=\"widget\" data-widget_type=\"heading.default\">\n\t\t\t\t<div class=\"elementor-widget-container\">\n\t\t\t<h2 class=\"elementor-heading-title elementor-size-default\">BWA Reporting &amp; Berichterstattung<\/h2>\t\t<\/div>\n\t\t\t\t<\/div>\n\t\t\t\t\t\t<\/div>\n\t\t\t\t\t<\/div>\n\t\t<\/div>\n\t\t\t\t\t\t\t\t<\/div>\n\t\t\t\t\t<\/div>\n\t\t<\/section>\n\t\t\t\t<section class=\"elementor-section elementor-top-section elementor-element elementor-element-9a8acac elementor-section-boxed elementor-section-height-default elementor-section-height-default\" data-id=\"9a8acac\" data-element_type=\"section\">\n\t\t\t\t\t\t<div class=\"elementor-container elementor-column-gap-default\">\n\t\t\t\t\t\t\t<div class=\"elementor-row\">\n\t\t\t\t\t<div class=\"elementor-column elementor-col-100 elementor-top-column elementor-element elementor-element-3325bc3\" data-id=\"3325bc3\" data-element_type=\"column\">\n\t\t\t<div class=\"elementor-column-wrap elementor-element-populated\">\n\t\t\t\t\t\t\t<div class=\"elementor-widget-wrap\">\n\t\t\t\t\t\t<div class=\"elementor-element elementor-element-5f9a3fe elementor-widget-divider--view-line elementor-widget elementor-widget-divider\" data-id=\"5f9a3fe\" data-element_type=\"widget\" data-widget_type=\"divider.default\">\n\t\t\t\t<div class=\"elementor-widget-container\">\n\t\t\t\t\t<div class=\"elementor-divider\">\n\t\t\t<span class=\"elementor-divider-separator\">\n\t\t\t\t\t\t<\/span>\n\t\t<\/div>\n\t\t\t\t<\/div>\n\t\t\t\t<\/div>\n\t\t\t\t\t\t<\/div>\n\t\t\t\t\t<\/div>\n\t\t<\/div>\n\t\t\t\t\t\t\t\t<\/div>\n\t\t\t\t\t<\/div>\n\t\t<\/section>\n\t\t\t\t<section class=\"elementor-section elementor-top-section elementor-element elementor-element-e1adaf3 elementor-section-boxed elementor-section-height-default elementor-section-height-default\" data-id=\"e1adaf3\" data-element_type=\"section\">\n\t\t\t\t\t\t<div class=\"elementor-container elementor-column-gap-default\">\n\t\t\t\t\t\t\t<div class=\"elementor-row\">\n\t\t\t\t\t<div class=\"elementor-column elementor-col-100 elementor-top-column elementor-element elementor-element-787cff7\" data-id=\"787cff7\" data-element_type=\"column\">\n\t\t\t<div class=\"elementor-column-wrap elementor-element-populated\">\n\t\t\t\t\t\t\t<div class=\"elementor-widget-wrap\">\n\t\t\t\t\t\t<div class=\"elementor-element elementor-element-c52172b elementor-widget elementor-widget-text-editor\" data-id=\"c52172b\" data-element_type=\"widget\" data-widget_type=\"text-editor.default\">\n\t\t\t\t<div class=\"elementor-widget-container\">\n\t\t\t\t\t\t\t\t<div class=\"elementor-text-editor elementor-clearfix\">\n\t\t\t\t<p class=\"p1\"><span class=\"s1\">Bei Smart Steuerberatungskanzlei Istanbul erstellen wir vereinfachte Pr\u00e4sentationen, die im Hinblick auf Finanzdaten analysiert sowie Finanzdaten verwaltet und aufgezeichnet werden k\u00f6nnen. <\/span><\/p><p class=\"p1\"><span class=\"s1\">Entsprechend den W\u00fcnschen unserer Kunden oder unseren Standardpr\u00e4sentationen helfen wir unseren Kunden immer dabei, ihre Strategien und Entscheidungen mit Blick auf die Zusammenarbeit bestm\u00f6glich zu planen.<\/span><\/p><p class=\"p3\"><span class=\"s1\" style=\"color: #ff6600;\"><b>Wir k\u00f6nnen zusammenarbeiten, um Ihre folgenden Bed\u00fcrfnisse und Ziele zu erf\u00fcllen;<\/b><\/span><\/p><ul class=\"ul1\"><li class=\"li4 translation-block\">Erstellung der monatlichen \/ viertelj\u00e4hrlichen Gewinn und Verlust Tabellen (GuV) und der Bilanzaufstellung,<\/li><li class=\"li4 translation-block\">Umstellung und Vorbereitung des Jahresabschlusses nach IFRS (International Financial Reporting Standards),<\/li><li class=\"li4 translation-block\">Vorbereitung des Paketberichts oder Ausf\u00fcllen der angeforderten Vorlagen mit den genauen Buchungszahlen,<\/li><li class=\"li4\"><span class=\"s2\"><\/span><span class=\"s1\">Berichterstattung der monatlichen und j\u00e4hrlichen Personalkosten nach Zeitraum (Abteilungsbasis),<\/span><\/li><li class=\"li4 translation-block\">Verfeinerung und detaillierte Kostenkontrolle von Kostenpositionen mit Hilfe der Kostenstellenstrategie (KSS)<\/li><li class=\"li4 translation-block\">Monatliche oder j\u00e4hrliche Inventurberichte<\/li><li class=\"li4 translation-block\">Monatliche oder j\u00e4hrliche Cashflow-Analyseberichte und Ist-Soll Vergleich\/Analyse<\/li><li class=\"li4\"><span class=\"s2\"><\/span><span class=\"s1\">Erstellung von Prognosestudien und Einbeziehung zuk\u00fcnftiger Risiken in den Jahresabschluss sowie Erstellung geeigneter Pr\u00e4sentationen und Berichte<\/span><\/li><li class=\"li4 translation-block\">Kontenplan Integration nach Anforderung (HQ) - SKR 03 &amp; SKR 04 Mapping<\/li><li class=\"li4 translation-block\">Analyse und Berichterstattung von Finanzprognosen,<\/li><\/ul>\t\t\t\t\t<\/div>\n\t\t\t\t\t\t<\/div>\n\t\t\t\t<\/div>\n\t\t\t\t\t\t<\/div>\n\t\t\t\t\t<\/div>\n\t\t<\/div>\n\t\t\t\t\t\t\t\t<\/div>\n\t\t\t\t\t<\/div>\n\t\t<\/section>\n\t\t\t\t\t\t\t\t\t<\/div>\n\t\t\t<\/div>\n\t\t\t\t\t<\/div>","protected":false},"excerpt":{"rendered":"<p>Financial Reporting Services At Smart Outsourcing, we prepare simplified presentations that can be analyzed with regard to financial data as well as maintaining and recording financial data. In accordance with our customers\u2019 requests or standart presentations, we always help our customers plan their strategies and decisions in the best possible [&hellip;]<\/p>","protected":false},"author":1,"featured_media":0,"parent":0,"menu_order":0,"comment_status":"closed","ping_status":"closed","template":"page-templates\/template-pagebuilder-full-width.php","meta":{"footnotes":""},"class_list":["post-283","page","type-page","status-publish","hentry"],"yoast_head":"<!-- This site is optimized with the Yoast SEO plugin v19.12 - https:\/\/yoast.com\/wordpress\/plugins\/seo\/ -->\n<title>Financial Reporting Services &bull; Certified Public Accountants | Ihr Rechtsanwalt und Steuerberater in Istanbul<\/title>\n<meta name=\"description\" content=\"Preparation of monthly\/quarterly profit and loss (PL) and the balance sheet statements (BS). Chart of Accounts Integration as per request (HQ) \u2013 SKR 03 &amp; SKR 04 Mapping. Package reporting.\" \/>\n<meta name=\"robots\" content=\"index, follow, max-snippet:-1, max-image-preview:large, max-video-preview:-1\" \/>\n<link rel=\"canonical\" href=\"https:\/\/smart-outsourcing.com\/de\/bwa-reporting-susa-liste-bilanz-und-guv-aufstellung\/\" \/>\n<meta property=\"og:locale\" content=\"de_DE\" \/>\n<meta property=\"og:type\" content=\"article\" \/>\n<meta property=\"og:title\" content=\"Financial Reporting Services &bull; Certified Public Accountants | Ihr Rechtsanwalt und Steuerberater in Istanbul\" \/>\n<meta property=\"og:description\" content=\"Preparation of monthly\/quarterly profit and loss (PL) and the balance sheet statements (BS). Chart of Accounts Integration as per request (HQ) \u2013 SKR 03 &amp; SKR 04 Mapping. Package reporting.\" \/>\n<meta property=\"og:url\" content=\"https:\/\/smart-outsourcing.com\/de\/bwa-reporting-susa-liste-bilanz-und-guv-aufstellung\/\" \/>\n<meta property=\"og:site_name\" content=\"Certified Public Accountants | Ihr Rechtsanwalt und Steuerberater in Istanbul\" \/>\n<meta property=\"article:modified_time\" content=\"2022-12-29T12:14:01+00:00\" \/>\n<meta name=\"twitter:card\" content=\"summary_large_image\" \/>\n<meta name=\"twitter:label1\" content=\"Gesch\u00e4tzte Lesezeit\" \/>\n\t<meta name=\"twitter:data1\" content=\"1\u00a0Minute\" \/>\n<script type=\"application\/ld+json\" class=\"yoast-schema-graph\">{\"@context\":\"https:\/\/schema.org\",\"@graph\":[{\"@type\":\"WebPage\",\"@id\":\"https:\/\/smart-outsourcing.com\/financial-reporting-services\/\",\"url\":\"https:\/\/smart-outsourcing.com\/financial-reporting-services\/\",\"name\":\"Financial Reporting Services &bull; Certified Public Accountants | Ihr Rechtsanwalt und Steuerberater in Istanbul\",\"isPartOf\":{\"@id\":\"https:\/\/smart-outsourcing.com\/en\/#website\"},\"datePublished\":\"2019-01-14T22:34:37+00:00\",\"dateModified\":\"2022-12-29T12:14:01+00:00\",\"description\":\"Preparation of monthly\/quarterly profit and loss (PL) and the balance sheet statements (BS). Chart of Accounts Integration as per request (HQ) \u2013 SKR 03 & SKR 04 Mapping. Package reporting.\",\"breadcrumb\":{\"@id\":\"https:\/\/smart-outsourcing.com\/financial-reporting-services\/#breadcrumb\"},\"inLanguage\":\"de\",\"potentialAction\":[{\"@type\":\"ReadAction\",\"target\":[\"https:\/\/smart-outsourcing.com\/financial-reporting-services\/\"]}]},{\"@type\":\"BreadcrumbList\",\"@id\":\"https:\/\/smart-outsourcing.com\/financial-reporting-services\/#breadcrumb\",\"itemListElement\":[{\"@type\":\"ListItem\",\"position\":1,\"name\":\"Home\",\"item\":\"https:\/\/smart-outsourcing.com\/\"},{\"@type\":\"ListItem\",\"position\":2,\"name\":\"Financial Reporting Services\"}]},{\"@type\":\"WebSite\",\"@id\":\"https:\/\/smart-outsourcing.com\/en\/#website\",\"url\":\"https:\/\/smart-outsourcing.com\/en\/\",\"name\":\"Certified Public Accountants | Ihr Rechtsanwalt und Steuerberater in Istanbul\",\"description\":\"Accounting | Payroll | Tax | Law | Bookkeeping &amp; Rechts- und Steuerberatungskanzlei in Istanbul - Ihr Steuerberater und Rechstberater in der T\u00fcrkei\",\"publisher\":{\"@id\":\"https:\/\/smart-outsourcing.com\/en\/#organization\"},\"potentialAction\":[{\"@type\":\"SearchAction\",\"target\":{\"@type\":\"EntryPoint\",\"urlTemplate\":\"https:\/\/smart-outsourcing.com\/en\/?s={search_term_string}\"},\"query-input\":\"required name=search_term_string\"}],\"inLanguage\":\"de\"},{\"@type\":\"Organization\",\"@id\":\"https:\/\/smart-outsourcing.com\/en\/#organization\",\"name\":\"Smart Outsourcing \/ Rechtsanwalts- und Steuerberatungskanzlei Istanbul\",\"url\":\"https:\/\/smart-outsourcing.com\/en\/\",\"logo\":{\"@type\":\"ImageObject\",\"inLanguage\":\"de\",\"@id\":\"https:\/\/smart-outsourcing.com\/en\/#\/schema\/logo\/image\/\",\"url\":\"https:\/\/smart-outsourcing.com\/wp-content\/uploads\/2018\/12\/logo-edited.png\",\"contentUrl\":\"https:\/\/smart-outsourcing.com\/wp-content\/uploads\/2018\/12\/logo-edited.png\",\"width\":1500,\"height\":1000,\"caption\":\"Smart Outsourcing \/ Rechtsanwalts- und Steuerberatungskanzlei Istanbul\"},\"image\":{\"@id\":\"https:\/\/smart-outsourcing.com\/en\/#\/schema\/logo\/image\/\"},\"sameAs\":[\"https:\/\/www.instagram.com\/smartoutsourcingistanbul\/\",\"https:\/\/www.linkedin.com\/company\/18522276\/admin\/\"]}]}<\/script>\n<!-- \/ Yoast SEO plugin. -->","yoast_head_json":{"title":"Financial Reporting Services &bull; Certified Public Accountants | Ihr Rechtsanwalt und Steuerberater in Istanbul","description":"Preparation of monthly\/quarterly profit and loss (PL) and the balance sheet statements (BS). Chart of Accounts Integration as per request (HQ) \u2013 SKR 03 & SKR 04 Mapping. Package reporting.","robots":{"index":"index","follow":"follow","max-snippet":"max-snippet:-1","max-image-preview":"max-image-preview:large","max-video-preview":"max-video-preview:-1"},"canonical":"https:\/\/smart-outsourcing.com\/de\/bwa-reporting-susa-liste-bilanz-und-guv-aufstellung\/","og_locale":"de_DE","og_type":"article","og_title":"Financial Reporting Services &bull; Certified Public Accountants | Ihr Rechtsanwalt und Steuerberater in Istanbul","og_description":"Preparation of monthly\/quarterly profit and loss (PL) and the balance sheet statements (BS). Chart of Accounts Integration as per request (HQ) \u2013 SKR 03 & SKR 04 Mapping. Package reporting.","og_url":"https:\/\/smart-outsourcing.com\/de\/bwa-reporting-susa-liste-bilanz-und-guv-aufstellung\/","og_site_name":"Certified Public Accountants | Ihr Rechtsanwalt und Steuerberater in Istanbul","article_modified_time":"2022-12-29T12:14:01+00:00","twitter_card":"summary_large_image","twitter_misc":{"Gesch\u00e4tzte Lesezeit":"1\u00a0Minute"},"schema":{"@context":"https:\/\/schema.org","@graph":[{"@type":"WebPage","@id":"https:\/\/smart-outsourcing.com\/financial-reporting-services\/","url":"https:\/\/smart-outsourcing.com\/financial-reporting-services\/","name":"Financial Reporting Services &bull; Certified Public Accountants | Ihr Rechtsanwalt und Steuerberater in Istanbul","isPartOf":{"@id":"https:\/\/smart-outsourcing.com\/en\/#website"},"datePublished":"2019-01-14T22:34:37+00:00","dateModified":"2022-12-29T12:14:01+00:00","description":"Preparation of monthly\/quarterly profit and loss (PL) and the balance sheet statements (BS). Chart of Accounts Integration as per request (HQ) \u2013 SKR 03 & SKR 04 Mapping. Package reporting.","breadcrumb":{"@id":"https:\/\/smart-outsourcing.com\/financial-reporting-services\/#breadcrumb"},"inLanguage":"de","potentialAction":[{"@type":"ReadAction","target":["https:\/\/smart-outsourcing.com\/financial-reporting-services\/"]}]},{"@type":"BreadcrumbList","@id":"https:\/\/smart-outsourcing.com\/financial-reporting-services\/#breadcrumb","itemListElement":[{"@type":"ListItem","position":1,"name":"Home","item":"https:\/\/smart-outsourcing.com\/"},{"@type":"ListItem","position":2,"name":"Financial Reporting Services"}]},{"@type":"WebSite","@id":"https:\/\/smart-outsourcing.com\/en\/#website","url":"https:\/\/smart-outsourcing.com\/en\/","name":"Certified Public Accountants | Ihr Rechtsanwalt und Steuerberater in Istanbul","description":"Accounting | Payroll | Tax | Law | Bookkeeping &amp; Rechts- und Steuerberatungskanzlei in Istanbul - Ihr Steuerberater und Rechstberater in der T\u00fcrkei","publisher":{"@id":"https:\/\/smart-outsourcing.com\/en\/#organization"},"potentialAction":[{"@type":"SearchAction","target":{"@type":"EntryPoint","urlTemplate":"https:\/\/smart-outsourcing.com\/en\/?s={search_term_string}"},"query-input":"required name=search_term_string"}],"inLanguage":"de"},{"@type":"Organization","@id":"https:\/\/smart-outsourcing.com\/en\/#organization","name":"Smart Outsourcing \/ Rechtsanwalts- und Steuerberatungskanzlei Istanbul","url":"https:\/\/smart-outsourcing.com\/en\/","logo":{"@type":"ImageObject","inLanguage":"de","@id":"https:\/\/smart-outsourcing.com\/en\/#\/schema\/logo\/image\/","url":"https:\/\/smart-outsourcing.com\/wp-content\/uploads\/2018\/12\/logo-edited.png","contentUrl":"https:\/\/smart-outsourcing.com\/wp-content\/uploads\/2018\/12\/logo-edited.png","width":1500,"height":1000,"caption":"Smart Outsourcing \/ Rechtsanwalts- und Steuerberatungskanzlei Istanbul"},"image":{"@id":"https:\/\/smart-outsourcing.com\/en\/#\/schema\/logo\/image\/"},"sameAs":["https:\/\/www.instagram.com\/smartoutsourcingistanbul\/","https:\/\/www.linkedin.com\/company\/18522276\/admin\/"]}]}},"_links":{"self":[{"href":"https:\/\/smart-outsourcing.com\/de\/wp-json\/wp\/v2\/pages\/283","targetHints":{"allow":["GET"]}}],"collection":[{"href":"https:\/\/smart-outsourcing.com\/de\/wp-json\/wp\/v2\/pages"}],"about":[{"href":"https:\/\/smart-outsourcing.com\/de\/wp-json\/wp\/v2\/types\/page"}],"author":[{"embeddable":true,"href":"https:\/\/smart-outsourcing.com\/de\/wp-json\/wp\/v2\/users\/1"}],"replies":[{"embeddable":true,"href":"https:\/\/smart-outsourcing.com\/de\/wp-json\/wp\/v2\/comments?post=283"}],"version-history":[{"count":7,"href":"https:\/\/smart-outsourcing.com\/de\/wp-json\/wp\/v2\/pages\/283\/revisions"}],"predecessor-version":[{"id":1150,"href":"https:\/\/smart-outsourcing.com\/de\/wp-json\/wp\/v2\/pages\/283\/revisions\/1150"}],"wp:attachment":[{"href":"https:\/\/smart-outsourcing.com\/de\/wp-json\/wp\/v2\/media?parent=283"}],"curies":[{"name":"wp","href":"https:\/\/api.w.org\/{rel}","templated":true}]}}