{"id":281,"date":"2019-01-14T22:34:27","date_gmt":"2019-01-14T22:34:27","guid":{"rendered":"http:\/\/smart-outsourcing.com\/?page_id=281"},"modified":"2022-12-29T12:17:09","modified_gmt":"2022-12-29T12:17:09","slug":"law-services","status":"publish","type":"page","link":"https:\/\/smart-outsourcing.com\/de\/anwaltskanzlei-rechtsberatung\/","title":{"rendered":"Rechtsberatung"},"content":{"rendered":"<div data-elementor-type=\"wp-post\" data-elementor-id=\"281\" class=\"elementor elementor-281 elementor-bc-flex-widget\">\n\t\t\t\t\t\t<div class=\"elementor-inner\">\n\t\t\t\t<div class=\"elementor-section-wrap\">\n\t\t\t\t\t\t\t\t\t<section class=\"elementor-section elementor-top-section elementor-element elementor-element-f98a8e7 elementor-section-boxed elementor-section-height-default elementor-section-height-default\" data-id=\"f98a8e7\" data-element_type=\"section\">\n\t\t\t\t\t\t<div class=\"elementor-container elementor-column-gap-default\">\n\t\t\t\t\t\t\t<div class=\"elementor-row\">\n\t\t\t\t\t<div class=\"elementor-column elementor-col-100 elementor-top-column elementor-element elementor-element-b524953\" data-id=\"b524953\" data-element_type=\"column\">\n\t\t\t<div class=\"elementor-column-wrap elementor-element-populated\">\n\t\t\t\t\t\t\t<div class=\"elementor-widget-wrap\">\n\t\t\t\t\t\t<div class=\"elementor-element elementor-element-8d51a38 elementor-widget elementor-widget-spacer\" data-id=\"8d51a38\" data-element_type=\"widget\" data-widget_type=\"spacer.default\">\n\t\t\t\t<div class=\"elementor-widget-container\">\n\t\t\t\t\t<div class=\"elementor-spacer\">\n\t\t\t<div class=\"elementor-spacer-inner\"><\/div>\n\t\t<\/div>\n\t\t\t\t<\/div>\n\t\t\t\t<\/div>\n\t\t\t\t<div class=\"elementor-element elementor-element-0766ceb elementor-view-default elementor-widget elementor-widget-icon\" data-id=\"0766ceb\" data-element_type=\"widget\" data-widget_type=\"icon.default\">\n\t\t\t\t<div class=\"elementor-widget-container\">\n\t\t\t\t\t<div class=\"elementor-icon-wrapper\">\n\t\t\t<div class=\"elementor-icon\">\n\t\t\t\t\t\t\t<i class=\"fa fa-balance-scale\" aria-hidden=\"true\"><\/i>\n\t\t\t\t\t\t<\/div>\n\t\t<\/div>\n\t\t\t\t<\/div>\n\t\t\t\t<\/div>\n\t\t\t\t\t\t<\/div>\n\t\t\t\t\t<\/div>\n\t\t<\/div>\n\t\t\t\t\t\t\t\t<\/div>\n\t\t\t\t\t<\/div>\n\t\t<\/section>\n\t\t\t\t<section class=\"elementor-section elementor-top-section elementor-element elementor-element-6bf3a9b elementor-section-boxed elementor-section-height-default elementor-section-height-default\" data-id=\"6bf3a9b\" data-element_type=\"section\">\n\t\t\t\t\t\t<div class=\"elementor-container elementor-column-gap-default\">\n\t\t\t\t\t\t\t<div class=\"elementor-row\">\n\t\t\t\t\t<div class=\"elementor-column elementor-col-100 elementor-top-column elementor-element elementor-element-d2651d0\" data-id=\"d2651d0\" data-element_type=\"column\">\n\t\t\t<div class=\"elementor-column-wrap elementor-element-populated\">\n\t\t\t\t\t\t\t<div class=\"elementor-widget-wrap\">\n\t\t\t\t\t\t<div class=\"elementor-element elementor-element-9fcf164 elementor-widget elementor-widget-heading\" data-id=\"9fcf164\" data-element_type=\"widget\" data-widget_type=\"heading.default\">\n\t\t\t\t<div class=\"elementor-widget-container\">\n\t\t\t<h2 class=\"elementor-heading-title elementor-size-default\">Rechtsberatung<\/h2>\t\t<\/div>\n\t\t\t\t<\/div>\n\t\t\t\t\t\t<\/div>\n\t\t\t\t\t<\/div>\n\t\t<\/div>\n\t\t\t\t\t\t\t\t<\/div>\n\t\t\t\t\t<\/div>\n\t\t<\/section>\n\t\t\t\t<section class=\"elementor-section elementor-top-section elementor-element elementor-element-db722f6 elementor-section-boxed elementor-section-height-default elementor-section-height-default\" data-id=\"db722f6\" data-element_type=\"section\">\n\t\t\t\t\t\t<div class=\"elementor-container elementor-column-gap-default\">\n\t\t\t\t\t\t\t<div class=\"elementor-row\">\n\t\t\t\t\t<div class=\"elementor-column elementor-col-100 elementor-top-column elementor-element elementor-element-36dbb63\" data-id=\"36dbb63\" data-element_type=\"column\">\n\t\t\t<div class=\"elementor-column-wrap elementor-element-populated\">\n\t\t\t\t\t\t\t<div class=\"elementor-widget-wrap\">\n\t\t\t\t\t\t<div class=\"elementor-element elementor-element-379679b elementor-widget-divider--view-line elementor-widget elementor-widget-divider\" data-id=\"379679b\" data-element_type=\"widget\" data-widget_type=\"divider.default\">\n\t\t\t\t<div class=\"elementor-widget-container\">\n\t\t\t\t\t<div class=\"elementor-divider\">\n\t\t\t<span class=\"elementor-divider-separator\">\n\t\t\t\t\t\t<\/span>\n\t\t<\/div>\n\t\t\t\t<\/div>\n\t\t\t\t<\/div>\n\t\t\t\t\t\t<\/div>\n\t\t\t\t\t<\/div>\n\t\t<\/div>\n\t\t\t\t\t\t\t\t<\/div>\n\t\t\t\t\t<\/div>\n\t\t<\/section>\n\t\t\t\t<section class=\"elementor-section elementor-top-section elementor-element elementor-element-a88eb9b elementor-section-boxed elementor-section-height-default elementor-section-height-default\" data-id=\"a88eb9b\" data-element_type=\"section\">\n\t\t\t\t\t\t<div class=\"elementor-container elementor-column-gap-default\">\n\t\t\t\t\t\t\t<div class=\"elementor-row\">\n\t\t\t\t\t<div class=\"elementor-column elementor-col-100 elementor-top-column elementor-element elementor-element-601cd91\" data-id=\"601cd91\" data-element_type=\"column\">\n\t\t\t<div class=\"elementor-column-wrap elementor-element-populated\">\n\t\t\t\t\t\t\t<div class=\"elementor-widget-wrap\">\n\t\t\t\t\t\t<div class=\"elementor-element elementor-element-6c0a8f4 elementor-widget elementor-widget-text-editor\" data-id=\"6c0a8f4\" data-element_type=\"widget\" data-widget_type=\"text-editor.default\">\n\t\t\t\t<div class=\"elementor-widget-container\">\n\t\t\t\t\t\t\t\t<div class=\"elementor-text-editor elementor-clearfix\">\n\t\t\t\t<p class=\"p1\"><span class=\"s1\">Unsere Rechtsabteilung unterst\u00fctzt unsere in- und ausl\u00e4ndischen Kunden seit ihrer Gr\u00fcndung bei allen rechtlichen Prozessen.<\/span><\/p><p class=\"p2\"><span class=\"s1\" style=\"color: #ff6600;\"><b>Wir k\u00f6nnen zusammenarbeiten, um Ihre folgenden Bed\u00fcrfnisse und Ziele zu erf\u00fcllen;<\/b><\/span><\/p><ul class=\"ul1\"><li class=\"li1\"><span class=\"s2\"><\/span><span class=\"s1\">Aufbau einer juristischen Person in der T\u00fcrkei; Beratung bei der Gr\u00fcndung in- und ausl\u00e4ndischer Unternehmen und Erstellung von Gesellschaftsvertr\u00e4gen. (Gesellschaften mit beschr\u00e4nkter Haftung und Aktiengesellschaften)<\/span><\/li><li class=\"li1\"><span class=\"s2\"><\/span><span class=\"s1\">Planm\u00e4\u00dfige Verwaltungsratssitzung und Generalversammlung der Gesellschaften, <\/span><\/li><li class=\"li1 translation-block\">\u00dcberwachung aller rechtlichen Schritte f\u00fcr die Verbindungsb\u00fcros und Niederlassungen, die von Gesellschaften mit ausl\u00e4ndischem Kapital einzurichten sind,<\/li><li class=\"li1\"><span class=\"s2\"><\/span><span class=\"s1\">Studienentw\u00fcrfe der Vertr\u00e4gen aller Art durchzuf\u00fchren und diese mit unseren Kunden in rechtlicher Hinsicht zu besprechen,<\/span><\/li><li class=\"li1 translation-block\">Vorbereitung der Personalvertr\u00e4ge und Minimierung der Risiken, die in Zukunft f\u00fcr alle rechtlichen Angelegenheiten entstehen k\u00f6nnen, die f\u00fcr die Mitarbeiter auftreten k\u00f6nnten<\/li><li class=\"li1\"><span class=\"s2\"><\/span><span class=\"s1\">Fusions- und Abwicklungsprozesse,<\/span><\/li><li class=\"li1\"><span class=\"s2\"><\/span><span class=\"s1\">Handels- und Wirtschaftsrecht,<\/span><\/li><li class=\"li1 translation-block\">Bereitstellung der Arbeitserlaubnis,<\/li><li class=\"li1\"><span class=\"s2\"><\/span><span class=\"s1\">Prozess- und Gesellschaftsrecht,<\/span><\/li><li class=\"li1\"><span class=\"s2\"><\/span><span class=\"s1\">Rechtliche Liquidation der Gesellschaften,<\/span><\/li><li class=\"li1 translation-block\">Vertragsmanagement,<\/li><li class=\"li1 translation-block\">Anleitung in jeder Phase des Verhandlungsprozesses,<\/li><li class=\"li1\"><span class=\"s2\"><\/span><span class=\"s1\">Pro-forma-Finanzinformationen zusammenstellen,<\/span><\/li><li class=\"li1 translation-block\">Legal Compliance im operierten Bereich und Abstimmung mit den Anforderungen,<\/li><li class=\"li1\"><span class=\"s2\"><\/span><span class=\"s1\">Risikomanagement,<\/span><\/li><\/ul>\t\t\t\t\t<\/div>\n\t\t\t\t\t\t<\/div>\n\t\t\t\t<\/div>\n\t\t\t\t\t\t<\/div>\n\t\t\t\t\t<\/div>\n\t\t<\/div>\n\t\t\t\t\t\t\t\t<\/div>\n\t\t\t\t\t<\/div>\n\t\t<\/section>\n\t\t\t\t\t\t\t\t\t<\/div>\n\t\t\t<\/div>\n\t\t\t\t\t<\/div>","protected":false},"excerpt":{"rendered":"<p>Law Services Our legal department assists our domestic and foreign customers in all their legal processes since their establishment. We can work together to meet your following needs and targets; Legal Entity Setup in Turkey; Advising on the establishment of domestic and foreign companies and preparing articles of incorporation agreements. [&hellip;]<\/p>","protected":false},"author":1,"featured_media":1042,"parent":0,"menu_order":0,"comment_status":"closed","ping_status":"closed","template":"page-templates\/template-pagebuilder-full-width.php","meta":{"footnotes":""},"class_list":["post-281","page","type-page","status-publish","has-post-thumbnail","hentry"],"yoast_head":"<!-- This site is optimized with the Yoast SEO plugin v19.12 - https:\/\/yoast.com\/wordpress\/plugins\/seo\/ -->\n<title>Law Services &bull; Certified Public Accountants | Ihr Rechtsanwalt und Steuerberater in Istanbul<\/title>\n<meta name=\"description\" content=\"Commercial Law &amp; Business Law in Turkey, Work Permit Services, Litigation and Corporate Law Services, Legal Liquidation ,Contract Management,\" \/>\n<meta name=\"robots\" content=\"index, follow, max-snippet:-1, max-image-preview:large, max-video-preview:-1\" \/>\n<link rel=\"canonical\" href=\"https:\/\/smart-outsourcing.com\/de\/anwaltskanzlei-rechtsberatung\/\" \/>\n<meta property=\"og:locale\" content=\"de_DE\" \/>\n<meta property=\"og:type\" content=\"article\" \/>\n<meta property=\"og:title\" content=\"Law Services &bull; Certified Public Accountants | Ihr Rechtsanwalt und Steuerberater in Istanbul\" \/>\n<meta property=\"og:description\" content=\"Commercial Law &amp; Business Law in Turkey, Work Permit Services, Litigation and Corporate Law Services, Legal Liquidation ,Contract Management,\" \/>\n<meta property=\"og:url\" content=\"https:\/\/smart-outsourcing.com\/de\/anwaltskanzlei-rechtsberatung\/\" \/>\n<meta property=\"og:site_name\" content=\"Certified Public Accountants | Ihr Rechtsanwalt und Steuerberater in Istanbul\" \/>\n<meta property=\"article:modified_time\" content=\"2022-12-29T12:17:09+00:00\" \/>\n<meta property=\"og:image\" content=\"http:\/\/smart-outsourcing.com\/wp-content\/uploads\/2020\/02\/close-up-of-eyeglasses-256273-scaled.jpg\" \/>\n\t<meta property=\"og:image:width\" content=\"2560\" \/>\n\t<meta property=\"og:image:height\" content=\"1920\" \/>\n\t<meta property=\"og:image:type\" content=\"image\/jpeg\" \/>\n<meta name=\"twitter:card\" content=\"summary_large_image\" \/>\n<meta name=\"twitter:label1\" content=\"Gesch\u00e4tzte Lesezeit\" \/>\n\t<meta name=\"twitter:data1\" content=\"1\u00a0Minute\" \/>\n<script type=\"application\/ld+json\" class=\"yoast-schema-graph\">{\"@context\":\"https:\/\/schema.org\",\"@graph\":[{\"@type\":\"WebPage\",\"@id\":\"https:\/\/smart-outsourcing.com\/law-services\/\",\"url\":\"https:\/\/smart-outsourcing.com\/law-services\/\",\"name\":\"Law Services &bull; Certified Public Accountants | Ihr Rechtsanwalt und Steuerberater in Istanbul\",\"isPartOf\":{\"@id\":\"https:\/\/smart-outsourcing.com\/en\/#website\"},\"datePublished\":\"2019-01-14T22:34:27+00:00\",\"dateModified\":\"2022-12-29T12:17:09+00:00\",\"description\":\"Commercial Law & Business Law in Turkey, Work Permit Services, Litigation and Corporate Law Services, Legal Liquidation ,Contract Management,\",\"breadcrumb\":{\"@id\":\"https:\/\/smart-outsourcing.com\/law-services\/#breadcrumb\"},\"inLanguage\":\"de\",\"potentialAction\":[{\"@type\":\"ReadAction\",\"target\":[\"https:\/\/smart-outsourcing.com\/law-services\/\"]}]},{\"@type\":\"BreadcrumbList\",\"@id\":\"https:\/\/smart-outsourcing.com\/law-services\/#breadcrumb\",\"itemListElement\":[{\"@type\":\"ListItem\",\"position\":1,\"name\":\"Home\",\"item\":\"https:\/\/smart-outsourcing.com\/\"},{\"@type\":\"ListItem\",\"position\":2,\"name\":\"Law Services\"}]},{\"@type\":\"WebSite\",\"@id\":\"https:\/\/smart-outsourcing.com\/en\/#website\",\"url\":\"https:\/\/smart-outsourcing.com\/en\/\",\"name\":\"Certified Public Accountants | Ihr Rechtsanwalt und Steuerberater in Istanbul\",\"description\":\"Accounting | Payroll | Tax | Law | Bookkeeping &amp; Rechts- und Steuerberatungskanzlei in Istanbul - Ihr Steuerberater und Rechstberater in der T\u00fcrkei\",\"publisher\":{\"@id\":\"https:\/\/smart-outsourcing.com\/en\/#organization\"},\"potentialAction\":[{\"@type\":\"SearchAction\",\"target\":{\"@type\":\"EntryPoint\",\"urlTemplate\":\"https:\/\/smart-outsourcing.com\/en\/?s={search_term_string}\"},\"query-input\":\"required name=search_term_string\"}],\"inLanguage\":\"de\"},{\"@type\":\"Organization\",\"@id\":\"https:\/\/smart-outsourcing.com\/en\/#organization\",\"name\":\"Smart Outsourcing \/ Rechtsanwalts- und Steuerberatungskanzlei Istanbul\",\"url\":\"https:\/\/smart-outsourcing.com\/en\/\",\"logo\":{\"@type\":\"ImageObject\",\"inLanguage\":\"de\",\"@id\":\"https:\/\/smart-outsourcing.com\/en\/#\/schema\/logo\/image\/\",\"url\":\"https:\/\/smart-outsourcing.com\/wp-content\/uploads\/2018\/12\/logo-edited.png\",\"contentUrl\":\"https:\/\/smart-outsourcing.com\/wp-content\/uploads\/2018\/12\/logo-edited.png\",\"width\":1500,\"height\":1000,\"caption\":\"Smart Outsourcing \/ Rechtsanwalts- und Steuerberatungskanzlei Istanbul\"},\"image\":{\"@id\":\"https:\/\/smart-outsourcing.com\/en\/#\/schema\/logo\/image\/\"},\"sameAs\":[\"https:\/\/www.instagram.com\/smartoutsourcingistanbul\/\",\"https:\/\/www.linkedin.com\/company\/18522276\/admin\/\"]}]}<\/script>\n<!-- \/ Yoast SEO plugin. -->","yoast_head_json":{"title":"Law Services &bull; Certified Public Accountants | Ihr Rechtsanwalt und Steuerberater in Istanbul","description":"Commercial Law & Business Law in Turkey, Work Permit Services, Litigation and Corporate Law Services, Legal Liquidation ,Contract Management,","robots":{"index":"index","follow":"follow","max-snippet":"max-snippet:-1","max-image-preview":"max-image-preview:large","max-video-preview":"max-video-preview:-1"},"canonical":"https:\/\/smart-outsourcing.com\/de\/anwaltskanzlei-rechtsberatung\/","og_locale":"de_DE","og_type":"article","og_title":"Law Services &bull; Certified Public Accountants | Ihr Rechtsanwalt und Steuerberater in Istanbul","og_description":"Commercial Law & Business Law in Turkey, Work Permit Services, Litigation and Corporate Law Services, Legal Liquidation ,Contract Management,","og_url":"https:\/\/smart-outsourcing.com\/de\/anwaltskanzlei-rechtsberatung\/","og_site_name":"Certified Public Accountants | Ihr Rechtsanwalt und Steuerberater in Istanbul","article_modified_time":"2022-12-29T12:17:09+00:00","og_image":[{"width":2560,"height":1920,"url":"http:\/\/smart-outsourcing.com\/wp-content\/uploads\/2020\/02\/close-up-of-eyeglasses-256273-scaled.jpg","type":"image\/jpeg"}],"twitter_card":"summary_large_image","twitter_misc":{"Gesch\u00e4tzte Lesezeit":"1\u00a0Minute"},"schema":{"@context":"https:\/\/schema.org","@graph":[{"@type":"WebPage","@id":"https:\/\/smart-outsourcing.com\/law-services\/","url":"https:\/\/smart-outsourcing.com\/law-services\/","name":"Law Services &bull; Certified Public Accountants | Ihr Rechtsanwalt und Steuerberater in Istanbul","isPartOf":{"@id":"https:\/\/smart-outsourcing.com\/en\/#website"},"datePublished":"2019-01-14T22:34:27+00:00","dateModified":"2022-12-29T12:17:09+00:00","description":"Commercial Law & Business Law in Turkey, Work Permit Services, Litigation and Corporate Law Services, Legal Liquidation ,Contract Management,","breadcrumb":{"@id":"https:\/\/smart-outsourcing.com\/law-services\/#breadcrumb"},"inLanguage":"de","potentialAction":[{"@type":"ReadAction","target":["https:\/\/smart-outsourcing.com\/law-services\/"]}]},{"@type":"BreadcrumbList","@id":"https:\/\/smart-outsourcing.com\/law-services\/#breadcrumb","itemListElement":[{"@type":"ListItem","position":1,"name":"Home","item":"https:\/\/smart-outsourcing.com\/"},{"@type":"ListItem","position":2,"name":"Law Services"}]},{"@type":"WebSite","@id":"https:\/\/smart-outsourcing.com\/en\/#website","url":"https:\/\/smart-outsourcing.com\/en\/","name":"Certified Public Accountants | Ihr Rechtsanwalt und Steuerberater in Istanbul","description":"Accounting | Payroll | Tax | Law | Bookkeeping &amp; Rechts- und Steuerberatungskanzlei in Istanbul - Ihr Steuerberater und Rechstberater in der T\u00fcrkei","publisher":{"@id":"https:\/\/smart-outsourcing.com\/en\/#organization"},"potentialAction":[{"@type":"SearchAction","target":{"@type":"EntryPoint","urlTemplate":"https:\/\/smart-outsourcing.com\/en\/?s={search_term_string}"},"query-input":"required name=search_term_string"}],"inLanguage":"de"},{"@type":"Organization","@id":"https:\/\/smart-outsourcing.com\/en\/#organization","name":"Smart Outsourcing \/ Rechtsanwalts- und Steuerberatungskanzlei Istanbul","url":"https:\/\/smart-outsourcing.com\/en\/","logo":{"@type":"ImageObject","inLanguage":"de","@id":"https:\/\/smart-outsourcing.com\/en\/#\/schema\/logo\/image\/","url":"https:\/\/smart-outsourcing.com\/wp-content\/uploads\/2018\/12\/logo-edited.png","contentUrl":"https:\/\/smart-outsourcing.com\/wp-content\/uploads\/2018\/12\/logo-edited.png","width":1500,"height":1000,"caption":"Smart Outsourcing \/ Rechtsanwalts- und Steuerberatungskanzlei Istanbul"},"image":{"@id":"https:\/\/smart-outsourcing.com\/en\/#\/schema\/logo\/image\/"},"sameAs":["https:\/\/www.instagram.com\/smartoutsourcingistanbul\/","https:\/\/www.linkedin.com\/company\/18522276\/admin\/"]}]}},"_links":{"self":[{"href":"https:\/\/smart-outsourcing.com\/de\/wp-json\/wp\/v2\/pages\/281","targetHints":{"allow":["GET"]}}],"collection":[{"href":"https:\/\/smart-outsourcing.com\/de\/wp-json\/wp\/v2\/pages"}],"about":[{"href":"https:\/\/smart-outsourcing.com\/de\/wp-json\/wp\/v2\/types\/page"}],"author":[{"embeddable":true,"href":"https:\/\/smart-outsourcing.com\/de\/wp-json\/wp\/v2\/users\/1"}],"replies":[{"embeddable":true,"href":"https:\/\/smart-outsourcing.com\/de\/wp-json\/wp\/v2\/comments?post=281"}],"version-history":[{"count":6,"href":"https:\/\/smart-outsourcing.com\/de\/wp-json\/wp\/v2\/pages\/281\/revisions"}],"predecessor-version":[{"id":1151,"href":"https:\/\/smart-outsourcing.com\/de\/wp-json\/wp\/v2\/pages\/281\/revisions\/1151"}],"wp:featuredmedia":[{"embeddable":true,"href":"https:\/\/smart-outsourcing.com\/de\/wp-json\/wp\/v2\/media\/1042"}],"wp:attachment":[{"href":"https:\/\/smart-outsourcing.com\/de\/wp-json\/wp\/v2\/media?parent=281"}],"curies":[{"name":"wp","href":"https:\/\/api.w.org\/{rel}","templated":true}]}}