{"id":279,"date":"2019-01-14T22:34:19","date_gmt":"2019-01-14T22:34:19","guid":{"rendered":"http:\/\/smart-outsourcing.com\/?page_id=279"},"modified":"2022-12-29T12:23:48","modified_gmt":"2022-12-29T12:23:48","slug":"payroll-services-in-turkey","status":"publish","type":"page","link":"https:\/\/smart-outsourcing.com\/de\/payroll-services-in-turkey\/","title":{"rendered":"Lohn- und Gehaltsabrechnung"},"content":{"rendered":"<div data-elementor-type=\"wp-post\" data-elementor-id=\"279\" class=\"elementor elementor-279 elementor-bc-flex-widget\">\n\t\t\t\t\t\t<section class=\"elementor-section elementor-top-section elementor-element elementor-element-9a568ea elementor-section-boxed elementor-section-height-default elementor-section-height-default\" data-id=\"9a568ea\" data-element_type=\"section\" data-e-type=\"section\">\n\t\t\t\t\t\t<div class=\"elementor-container elementor-column-gap-default\">\n\t\t\t\t\t<div class=\"elementor-column elementor-col-100 elementor-top-column elementor-element elementor-element-5d667f8\" data-id=\"5d667f8\" data-element_type=\"column\" data-e-type=\"column\">\n\t\t\t<div class=\"elementor-widget-wrap elementor-element-populated\">\n\t\t\t\t\t\t<div class=\"elementor-element elementor-element-61dc674 elementor-widget elementor-widget-spacer\" data-id=\"61dc674\" data-element_type=\"widget\" data-e-type=\"widget\" data-widget_type=\"spacer.default\">\n\t\t\t\t<div class=\"elementor-widget-container\">\n\t\t\t\t\t\t\t<div class=\"elementor-spacer\">\n\t\t\t<div class=\"elementor-spacer-inner\"><\/div>\n\t\t<\/div>\n\t\t\t\t\t\t<\/div>\n\t\t\t\t<\/div>\n\t\t\t\t<div class=\"elementor-element elementor-element-8b58f9c elementor-view-default elementor-widget elementor-widget-icon\" data-id=\"8b58f9c\" data-element_type=\"widget\" data-e-type=\"widget\" data-widget_type=\"icon.default\">\n\t\t\t\t<div class=\"elementor-widget-container\">\n\t\t\t\t\t\t\t<div class=\"elementor-icon-wrapper\">\n\t\t\t<div class=\"elementor-icon\">\n\t\t\t\t\t\t\t<i class=\"fa fa-list-alt\" aria-hidden=\"true\"><\/i>\n\t\t\t\t\t\t<\/div>\n\t\t<\/div>\n\t\t\t\t\t\t<\/div>\n\t\t\t\t<\/div>\n\t\t\t\t\t<\/div>\n\t\t<\/div>\n\t\t\t\t\t<\/div>\n\t\t<\/section>\n\t\t\t\t<section class=\"elementor-section elementor-top-section elementor-element elementor-element-12175c9 elementor-section-boxed elementor-section-height-default elementor-section-height-default\" data-id=\"12175c9\" data-element_type=\"section\" data-e-type=\"section\">\n\t\t\t\t\t\t<div class=\"elementor-container elementor-column-gap-default\">\n\t\t\t\t\t<div class=\"elementor-column elementor-col-100 elementor-top-column elementor-element elementor-element-66fe6c9\" data-id=\"66fe6c9\" data-element_type=\"column\" data-e-type=\"column\">\n\t\t\t<div class=\"elementor-widget-wrap elementor-element-populated\">\n\t\t\t\t\t\t<div class=\"elementor-element elementor-element-f85fad1 elementor-widget elementor-widget-heading\" data-id=\"f85fad1\" data-element_type=\"widget\" data-e-type=\"widget\" data-widget_type=\"heading.default\">\n\t\t\t\t<div class=\"elementor-widget-container\">\n\t\t\t\t\t<h2 class=\"elementor-heading-title elementor-size-default\">Lohn- und Gehaltsabrechnung<\/h2>\t\t\t\t<\/div>\n\t\t\t\t<\/div>\n\t\t\t\t\t<\/div>\n\t\t<\/div>\n\t\t\t\t\t<\/div>\n\t\t<\/section>\n\t\t\t\t<section class=\"elementor-section elementor-top-section elementor-element elementor-element-4bf0acf elementor-section-boxed elementor-section-height-default elementor-section-height-default\" data-id=\"4bf0acf\" data-element_type=\"section\" data-e-type=\"section\">\n\t\t\t\t\t\t<div class=\"elementor-container elementor-column-gap-default\">\n\t\t\t\t\t<div class=\"elementor-column elementor-col-100 elementor-top-column elementor-element elementor-element-2c1bfd5\" data-id=\"2c1bfd5\" data-element_type=\"column\" data-e-type=\"column\">\n\t\t\t<div class=\"elementor-widget-wrap elementor-element-populated\">\n\t\t\t\t\t\t<div class=\"elementor-element elementor-element-82f681c elementor-widget-divider--view-line elementor-widget elementor-widget-divider\" data-id=\"82f681c\" data-element_type=\"widget\" data-e-type=\"widget\" data-widget_type=\"divider.default\">\n\t\t\t\t<div class=\"elementor-widget-container\">\n\t\t\t\t\t\t\t<div class=\"elementor-divider\">\n\t\t\t<span class=\"elementor-divider-separator\">\n\t\t\t\t\t\t<\/span>\n\t\t<\/div>\n\t\t\t\t\t\t<\/div>\n\t\t\t\t<\/div>\n\t\t\t\t\t<\/div>\n\t\t<\/div>\n\t\t\t\t\t<\/div>\n\t\t<\/section>\n\t\t\t\t<section class=\"elementor-section elementor-top-section elementor-element elementor-element-5ac3769 elementor-section-boxed elementor-section-height-default elementor-section-height-default\" data-id=\"5ac3769\" data-element_type=\"section\" data-e-type=\"section\">\n\t\t\t\t\t\t<div class=\"elementor-container elementor-column-gap-default\">\n\t\t\t\t\t<div class=\"elementor-column elementor-col-100 elementor-top-column elementor-element elementor-element-7599c17\" data-id=\"7599c17\" data-element_type=\"column\" data-e-type=\"column\">\n\t\t\t<div class=\"elementor-widget-wrap elementor-element-populated\">\n\t\t\t\t\t\t<div class=\"elementor-element elementor-element-8606635 elementor-widget elementor-widget-text-editor\" data-id=\"8606635\" data-element_type=\"widget\" data-e-type=\"widget\" data-widget_type=\"text-editor.default\">\n\t\t\t\t<div class=\"elementor-widget-container\">\n\t\t\t\t\t\t\t\t\t<p class=\"translation-block\">Die Gehaltsabrechnungsabteilung von Smart Steuerberatungskanzlei Istanbul bietet die folgenden Gehaltsabrechnungsleistungen an, indem es die h\u00f6chsten Standards f\u00fcr Servicequalit\u00e4t und Datenschutz in seinen Gehaltsabrechnungsprozessen implementiert:<\/p><p><span><b><span style=\"color: #ff6600;\">We can work together to meet your following needs and targets<\/span>;<\/b><\/span><\/p><ul><li class=\"translation-block\">Automatische Geldtransfers (Zahlung von Geh\u00e4ltern ist jetzt sehr einfach)<\/li><li class=\"translation-block\">Erstellung monatlicher Abrechnungserkl\u00e4rungen, Lohnberichte und termingerechte Abgaben an Mandanten,<\/li><li><span><\/span><span>Monatliche Pr\u00e4mien- und SV-Unterlagen vorbereiten,<\/span><\/li><li class=\"translation-block\">\u00dcbermittlung der elektronischen Gehaltsabrechnungen an das Sozialversicherungsamt,<\/li><li><span><\/span><span>Integration von kalkulierten Gehaltsabrechnungen in die Buchhaltungssysteme unserer Mandanten,<\/span><\/li><li class=\"translation-block\">Verwaltung des vertraulichen \u00dcbermittlungsprozesses von Gehaltsinformationen an die Mitarbeiter (per Telefon, E-Mail, App usw.)<\/li><li><span><\/span><span>Abschluss der Personalantritt und Austrittsverfahren,<\/span><\/li><li class=\"translation-block\">Management des Einstellungsprozesses und der externen Beratung bei aller Einstellungschritte,<\/li><li class=\"translation-block\">Vorbereitung der Arbeitsvertr\u00e4gen nach Wirtschaftsrecht in der T\u00fcrkei,<\/li><li class=\"translation-block\">\u00dcbertragung von Gehaltsabrechnungen auf Anfrage Hardcopy oder Softcopy (vertraulich)<\/li><\/ul>\t\t\t\t\t\t\t\t<\/div>\n\t\t\t\t<\/div>\n\t\t\t\t\t<\/div>\n\t\t<\/div>\n\t\t\t\t\t<\/div>\n\t\t<\/section>\n\t\t\t\t<\/div>","protected":false},"excerpt":{"rendered":"<p>Payroll Services Smart Outsourcing payroll team offers the following payroll services by implementing the highest service quality and privacy standards in its payroll processes: We can work together to meet your following needs and targets; Automatic fund transfers (Paying salaries are very easy now) Preparation monthly payroll declarations, payroll slips [&hellip;]<\/p>\n","protected":false},"author":1,"featured_media":915,"parent":0,"menu_order":0,"comment_status":"closed","ping_status":"closed","template":"page-templates\/template-pagebuilder-full-width.php","meta":{"footnotes":""},"class_list":["post-279","page","type-page","status-publish","has-post-thumbnail","hentry"],"yoast_head":"<!-- This site is optimized with the Yoast SEO plugin v27.3 - https:\/\/yoast.com\/product\/yoast-seo-wordpress\/ -->\n<title>Payroll Services &#8226; Certified Public Accountants | Ihr Rechtsanwalt und Steuerberater in Istanbul<\/title>\n<meta name=\"description\" content=\"Preparation monthly payroll declarations, payroll slips and deliver to clients on time, Submitting online payroll slips to the social security office, Preparation of employment contracts according to Business Law in Turkey.\" \/>\n<meta name=\"robots\" content=\"index, follow, max-snippet:-1, max-image-preview:large, max-video-preview:-1\" \/>\n<link rel=\"canonical\" href=\"https:\/\/smart-outsourcing.com\/de\/payroll-services-in-turkey\/\" \/>\n<meta property=\"og:locale\" content=\"de_DE\" \/>\n<meta property=\"og:type\" content=\"article\" \/>\n<meta property=\"og:title\" content=\"Payroll Services &#8226; Certified Public Accountants | Ihr Rechtsanwalt und Steuerberater in Istanbul\" \/>\n<meta property=\"og:description\" content=\"Preparation monthly payroll declarations, payroll slips and deliver to clients on time, Submitting online payroll slips to the social security office, Preparation of employment contracts according to Business Law in Turkey.\" \/>\n<meta property=\"og:url\" content=\"https:\/\/smart-outsourcing.com\/de\/payroll-services-in-turkey\/\" \/>\n<meta property=\"og:site_name\" content=\"Certified Public Accountants | Ihr Rechtsanwalt und Steuerberater in Istanbul\" \/>\n<meta property=\"article:modified_time\" content=\"2022-12-29T12:23:48+00:00\" \/>\n<meta property=\"og:image\" content=\"http:\/\/smart-outsourcing.com\/wp-content\/uploads\/2019\/07\/u3.jpg\" \/>\n\t<meta property=\"og:image:width\" content=\"600\" \/>\n\t<meta property=\"og:image:height\" content=\"700\" \/>\n\t<meta property=\"og:image:type\" content=\"image\/jpeg\" \/>\n<meta name=\"twitter:card\" content=\"summary_large_image\" \/>\n<meta name=\"twitter:label1\" content=\"Gesch\u00e4tzte Lesezeit\" \/>\n\t<meta name=\"twitter:data1\" content=\"1\u00a0Minute\" \/>\n<script type=\"application\/ld+json\" class=\"yoast-schema-graph\">{\"@context\":\"https:\\\/\\\/schema.org\",\"@graph\":[{\"@type\":\"WebPage\",\"@id\":\"https:\\\/\\\/smart-outsourcing.com\\\/payroll-services-in-turkey\\\/\",\"url\":\"https:\\\/\\\/smart-outsourcing.com\\\/payroll-services-in-turkey\\\/\",\"name\":\"Payroll Services &#8226; Certified Public Accountants | Ihr Rechtsanwalt und Steuerberater in Istanbul\",\"isPartOf\":{\"@id\":\"https:\\\/\\\/smart-outsourcing.com\\\/en\\\/#website\"},\"primaryImageOfPage\":{\"@id\":\"https:\\\/\\\/smart-outsourcing.com\\\/payroll-services-in-turkey\\\/#primaryimage\"},\"image\":{\"@id\":\"https:\\\/\\\/smart-outsourcing.com\\\/payroll-services-in-turkey\\\/#primaryimage\"},\"thumbnailUrl\":\"https:\\\/\\\/smart-outsourcing.com\\\/wp-content\\\/uploads\\\/2019\\\/07\\\/u3.jpg\",\"datePublished\":\"2019-01-14T22:34:19+00:00\",\"dateModified\":\"2022-12-29T12:23:48+00:00\",\"description\":\"Preparation monthly payroll declarations, payroll slips and deliver to clients on time, Submitting online payroll slips to the social security office, Preparation of employment contracts according to Business Law in Turkey.\",\"breadcrumb\":{\"@id\":\"https:\\\/\\\/smart-outsourcing.com\\\/payroll-services-in-turkey\\\/#breadcrumb\"},\"inLanguage\":\"de\",\"potentialAction\":[{\"@type\":\"ReadAction\",\"target\":[\"https:\\\/\\\/smart-outsourcing.com\\\/payroll-services-in-turkey\\\/\"]}]},{\"@type\":\"ImageObject\",\"inLanguage\":\"de\",\"@id\":\"https:\\\/\\\/smart-outsourcing.com\\\/payroll-services-in-turkey\\\/#primaryimage\",\"url\":\"https:\\\/\\\/smart-outsourcing.com\\\/wp-content\\\/uploads\\\/2019\\\/07\\\/u3.jpg\",\"contentUrl\":\"https:\\\/\\\/smart-outsourcing.com\\\/wp-content\\\/uploads\\\/2019\\\/07\\\/u3.jpg\",\"width\":600,\"height\":700},{\"@type\":\"BreadcrumbList\",\"@id\":\"https:\\\/\\\/smart-outsourcing.com\\\/payroll-services-in-turkey\\\/#breadcrumb\",\"itemListElement\":[{\"@type\":\"ListItem\",\"position\":1,\"name\":\"Home\",\"item\":\"https:\\\/\\\/smart-outsourcing.com\\\/\"},{\"@type\":\"ListItem\",\"position\":2,\"name\":\"Payroll Services\"}]},{\"@type\":\"WebSite\",\"@id\":\"https:\\\/\\\/smart-outsourcing.com\\\/en\\\/#website\",\"url\":\"https:\\\/\\\/smart-outsourcing.com\\\/en\\\/\",\"name\":\"Certified Public Accountants | Ihr Rechtsanwalt und Steuerberater in Istanbul\",\"description\":\"Accounting | Payroll | Tax | Law | Bookkeeping &amp; Rechts- und Steuerberatungskanzlei in Istanbul - Ihr Steuerberater und Rechstberater in der T\u00fcrkei\",\"publisher\":{\"@id\":\"https:\\\/\\\/smart-outsourcing.com\\\/en\\\/#organization\"},\"potentialAction\":[{\"@type\":\"SearchAction\",\"target\":{\"@type\":\"EntryPoint\",\"urlTemplate\":\"https:\\\/\\\/smart-outsourcing.com\\\/en\\\/?s={search_term_string}\"},\"query-input\":{\"@type\":\"PropertyValueSpecification\",\"valueRequired\":true,\"valueName\":\"search_term_string\"}}],\"inLanguage\":\"de\"},{\"@type\":\"Organization\",\"@id\":\"https:\\\/\\\/smart-outsourcing.com\\\/en\\\/#organization\",\"name\":\"Smart Outsourcing \\\/ Rechtsanwalts- und Steuerberatungskanzlei Istanbul\",\"url\":\"https:\\\/\\\/smart-outsourcing.com\\\/en\\\/\",\"logo\":{\"@type\":\"ImageObject\",\"inLanguage\":\"de\",\"@id\":\"https:\\\/\\\/smart-outsourcing.com\\\/en\\\/#\\\/schema\\\/logo\\\/image\\\/\",\"url\":\"https:\\\/\\\/smart-outsourcing.com\\\/wp-content\\\/uploads\\\/2018\\\/12\\\/logo-edited.png\",\"contentUrl\":\"https:\\\/\\\/smart-outsourcing.com\\\/wp-content\\\/uploads\\\/2018\\\/12\\\/logo-edited.png\",\"width\":1500,\"height\":1000,\"caption\":\"Smart Outsourcing \\\/ Rechtsanwalts- und Steuerberatungskanzlei Istanbul\"},\"image\":{\"@id\":\"https:\\\/\\\/smart-outsourcing.com\\\/en\\\/#\\\/schema\\\/logo\\\/image\\\/\"},\"sameAs\":[\"https:\\\/\\\/www.instagram.com\\\/smartoutsourcingistanbul\\\/\",\"https:\\\/\\\/www.linkedin.com\\\/company\\\/18522276\\\/admin\\\/\"]}]}<\/script>\n<!-- \/ Yoast SEO plugin. -->","yoast_head_json":{"title":"Payroll Services &#8226; Certified Public Accountants | Ihr Rechtsanwalt und Steuerberater in Istanbul","description":"Preparation monthly payroll declarations, payroll slips and deliver to clients on time, Submitting online payroll slips to the social security office, Preparation of employment contracts according to Business Law in Turkey.","robots":{"index":"index","follow":"follow","max-snippet":"max-snippet:-1","max-image-preview":"max-image-preview:large","max-video-preview":"max-video-preview:-1"},"canonical":"https:\/\/smart-outsourcing.com\/de\/payroll-services-in-turkey\/","og_locale":"de_DE","og_type":"article","og_title":"Payroll Services &#8226; Certified Public Accountants | Ihr Rechtsanwalt und Steuerberater in Istanbul","og_description":"Preparation monthly payroll declarations, payroll slips and deliver to clients on time, Submitting online payroll slips to the social security office, Preparation of employment contracts according to Business Law in Turkey.","og_url":"https:\/\/smart-outsourcing.com\/de\/payroll-services-in-turkey\/","og_site_name":"Certified Public Accountants | Ihr Rechtsanwalt und Steuerberater in Istanbul","article_modified_time":"2022-12-29T12:23:48+00:00","og_image":[{"width":600,"height":700,"url":"http:\/\/smart-outsourcing.com\/wp-content\/uploads\/2019\/07\/u3.jpg","type":"image\/jpeg"}],"twitter_card":"summary_large_image","twitter_misc":{"Gesch\u00e4tzte Lesezeit":"1\u00a0Minute"},"schema":{"@context":"https:\/\/schema.org","@graph":[{"@type":"WebPage","@id":"https:\/\/smart-outsourcing.com\/payroll-services-in-turkey\/","url":"https:\/\/smart-outsourcing.com\/payroll-services-in-turkey\/","name":"Payroll Services &#8226; Certified Public Accountants | Ihr Rechtsanwalt und Steuerberater in Istanbul","isPartOf":{"@id":"https:\/\/smart-outsourcing.com\/en\/#website"},"primaryImageOfPage":{"@id":"https:\/\/smart-outsourcing.com\/payroll-services-in-turkey\/#primaryimage"},"image":{"@id":"https:\/\/smart-outsourcing.com\/payroll-services-in-turkey\/#primaryimage"},"thumbnailUrl":"https:\/\/smart-outsourcing.com\/wp-content\/uploads\/2019\/07\/u3.jpg","datePublished":"2019-01-14T22:34:19+00:00","dateModified":"2022-12-29T12:23:48+00:00","description":"Preparation monthly payroll declarations, payroll slips and deliver to clients on time, Submitting online payroll slips to the social security office, Preparation of employment contracts according to Business Law in Turkey.","breadcrumb":{"@id":"https:\/\/smart-outsourcing.com\/payroll-services-in-turkey\/#breadcrumb"},"inLanguage":"de","potentialAction":[{"@type":"ReadAction","target":["https:\/\/smart-outsourcing.com\/payroll-services-in-turkey\/"]}]},{"@type":"ImageObject","inLanguage":"de","@id":"https:\/\/smart-outsourcing.com\/payroll-services-in-turkey\/#primaryimage","url":"https:\/\/smart-outsourcing.com\/wp-content\/uploads\/2019\/07\/u3.jpg","contentUrl":"https:\/\/smart-outsourcing.com\/wp-content\/uploads\/2019\/07\/u3.jpg","width":600,"height":700},{"@type":"BreadcrumbList","@id":"https:\/\/smart-outsourcing.com\/payroll-services-in-turkey\/#breadcrumb","itemListElement":[{"@type":"ListItem","position":1,"name":"Home","item":"https:\/\/smart-outsourcing.com\/"},{"@type":"ListItem","position":2,"name":"Payroll Services"}]},{"@type":"WebSite","@id":"https:\/\/smart-outsourcing.com\/en\/#website","url":"https:\/\/smart-outsourcing.com\/en\/","name":"Certified Public Accountants | Ihr Rechtsanwalt und Steuerberater in Istanbul","description":"Accounting | Payroll | Tax | Law | Bookkeeping &amp; Rechts- und Steuerberatungskanzlei in Istanbul - Ihr Steuerberater und Rechstberater in der T\u00fcrkei","publisher":{"@id":"https:\/\/smart-outsourcing.com\/en\/#organization"},"potentialAction":[{"@type":"SearchAction","target":{"@type":"EntryPoint","urlTemplate":"https:\/\/smart-outsourcing.com\/en\/?s={search_term_string}"},"query-input":{"@type":"PropertyValueSpecification","valueRequired":true,"valueName":"search_term_string"}}],"inLanguage":"de"},{"@type":"Organization","@id":"https:\/\/smart-outsourcing.com\/en\/#organization","name":"Smart Outsourcing \/ Rechtsanwalts- und Steuerberatungskanzlei Istanbul","url":"https:\/\/smart-outsourcing.com\/en\/","logo":{"@type":"ImageObject","inLanguage":"de","@id":"https:\/\/smart-outsourcing.com\/en\/#\/schema\/logo\/image\/","url":"https:\/\/smart-outsourcing.com\/wp-content\/uploads\/2018\/12\/logo-edited.png","contentUrl":"https:\/\/smart-outsourcing.com\/wp-content\/uploads\/2018\/12\/logo-edited.png","width":1500,"height":1000,"caption":"Smart Outsourcing \/ Rechtsanwalts- und Steuerberatungskanzlei Istanbul"},"image":{"@id":"https:\/\/smart-outsourcing.com\/en\/#\/schema\/logo\/image\/"},"sameAs":["https:\/\/www.instagram.com\/smartoutsourcingistanbul\/","https:\/\/www.linkedin.com\/company\/18522276\/admin\/"]}]}},"_links":{"self":[{"href":"https:\/\/smart-outsourcing.com\/de\/wp-json\/wp\/v2\/pages\/279","targetHints":{"allow":["GET"]}}],"collection":[{"href":"https:\/\/smart-outsourcing.com\/de\/wp-json\/wp\/v2\/pages"}],"about":[{"href":"https:\/\/smart-outsourcing.com\/de\/wp-json\/wp\/v2\/types\/page"}],"author":[{"embeddable":true,"href":"https:\/\/smart-outsourcing.com\/de\/wp-json\/wp\/v2\/users\/1"}],"replies":[{"embeddable":true,"href":"https:\/\/smart-outsourcing.com\/de\/wp-json\/wp\/v2\/comments?post=279"}],"version-history":[{"count":6,"href":"https:\/\/smart-outsourcing.com\/de\/wp-json\/wp\/v2\/pages\/279\/revisions"}],"predecessor-version":[{"id":1153,"href":"https:\/\/smart-outsourcing.com\/de\/wp-json\/wp\/v2\/pages\/279\/revisions\/1153"}],"wp:featuredmedia":[{"embeddable":true,"href":"https:\/\/smart-outsourcing.com\/de\/wp-json\/wp\/v2\/media\/915"}],"wp:attachment":[{"href":"https:\/\/smart-outsourcing.com\/de\/wp-json\/wp\/v2\/media?parent=279"}],"curies":[{"name":"wp","href":"https:\/\/api.w.org\/{rel}","templated":true}]}}