{"id":277,"date":"2019-01-14T22:34:04","date_gmt":"2019-01-14T22:34:04","guid":{"rendered":"http:\/\/smart-outsourcing.com\/?page_id=277"},"modified":"2022-12-29T12:12:13","modified_gmt":"2022-12-29T12:12:13","slug":"financial-audit-services","status":"publish","type":"page","link":"https:\/\/smart-outsourcing.com\/de\/financial-audit-services\/","title":{"rendered":"Wirtschaftspr\u00fcfung, Steuerberatung, Buchhaltung und finanzielle Berichterstattung Dienstleistungen"},"content":{"rendered":"<div data-elementor-type=\"wp-post\" data-elementor-id=\"277\" class=\"elementor elementor-277 elementor-bc-flex-widget\">\n\t\t\t\t\t\t<div class=\"elementor-inner\">\n\t\t\t\t<div class=\"elementor-section-wrap\">\n\t\t\t\t\t\t\t\t\t<section class=\"elementor-section elementor-top-section elementor-element elementor-element-09903a6 elementor-section-boxed elementor-section-height-default elementor-section-height-default\" data-id=\"09903a6\" data-element_type=\"section\">\n\t\t\t\t\t\t<div class=\"elementor-container elementor-column-gap-default\">\n\t\t\t\t\t\t\t<div class=\"elementor-row\">\n\t\t\t\t\t<div class=\"elementor-column elementor-col-100 elementor-top-column elementor-element elementor-element-4d69636\" data-id=\"4d69636\" data-element_type=\"column\">\n\t\t\t<div class=\"elementor-column-wrap elementor-element-populated\">\n\t\t\t\t\t\t\t<div class=\"elementor-widget-wrap\">\n\t\t\t\t\t\t<div class=\"elementor-element elementor-element-cc57511 elementor-widget elementor-widget-spacer\" data-id=\"cc57511\" data-element_type=\"widget\" data-widget_type=\"spacer.default\">\n\t\t\t\t<div class=\"elementor-widget-container\">\n\t\t\t\t\t<div class=\"elementor-spacer\">\n\t\t\t<div class=\"elementor-spacer-inner\"><\/div>\n\t\t<\/div>\n\t\t\t\t<\/div>\n\t\t\t\t<\/div>\n\t\t\t\t<div class=\"elementor-element elementor-element-01a5de7 elementor-view-default elementor-widget elementor-widget-icon\" data-id=\"01a5de7\" data-element_type=\"widget\" data-widget_type=\"icon.default\">\n\t\t\t\t<div class=\"elementor-widget-container\">\n\t\t\t\t\t<div class=\"elementor-icon-wrapper\">\n\t\t\t<div class=\"elementor-icon\">\n\t\t\t\t\t\t\t<i class=\"fa fa-shield\" aria-hidden=\"true\"><\/i>\n\t\t\t\t\t\t<\/div>\n\t\t<\/div>\n\t\t\t\t<\/div>\n\t\t\t\t<\/div>\n\t\t\t\t\t\t<\/div>\n\t\t\t\t\t<\/div>\n\t\t<\/div>\n\t\t\t\t\t\t\t\t<\/div>\n\t\t\t\t\t<\/div>\n\t\t<\/section>\n\t\t\t\t<section class=\"elementor-section elementor-top-section elementor-element elementor-element-a2d0975 elementor-section-boxed elementor-section-height-default elementor-section-height-default\" data-id=\"a2d0975\" data-element_type=\"section\">\n\t\t\t\t\t\t<div class=\"elementor-container elementor-column-gap-default\">\n\t\t\t\t\t\t\t<div class=\"elementor-row\">\n\t\t\t\t\t<div class=\"elementor-column elementor-col-100 elementor-top-column elementor-element elementor-element-fb767d3\" data-id=\"fb767d3\" data-element_type=\"column\">\n\t\t\t<div class=\"elementor-column-wrap elementor-element-populated\">\n\t\t\t\t\t\t\t<div class=\"elementor-widget-wrap\">\n\t\t\t\t\t\t<div class=\"elementor-element elementor-element-0a8ef2a elementor-widget elementor-widget-heading\" data-id=\"0a8ef2a\" data-element_type=\"widget\" data-widget_type=\"heading.default\">\n\t\t\t\t<div class=\"elementor-widget-container\">\n\t\t\t<h2 class=\"elementor-heading-title elementor-size-default\">Wirtschaftspr\u00fcfung, Steuerberatung, Buchhaltung und finanzielle Berichterstattung Dienstleistungen<\/h2>\t\t<\/div>\n\t\t\t\t<\/div>\n\t\t\t\t\t\t<\/div>\n\t\t\t\t\t<\/div>\n\t\t<\/div>\n\t\t\t\t\t\t\t\t<\/div>\n\t\t\t\t\t<\/div>\n\t\t<\/section>\n\t\t\t\t<section class=\"elementor-section elementor-top-section elementor-element elementor-element-37d853d elementor-section-boxed elementor-section-height-default elementor-section-height-default\" data-id=\"37d853d\" data-element_type=\"section\">\n\t\t\t\t\t\t<div class=\"elementor-container elementor-column-gap-default\">\n\t\t\t\t\t\t\t<div class=\"elementor-row\">\n\t\t\t\t\t<div class=\"elementor-column elementor-col-100 elementor-top-column elementor-element elementor-element-1096ffe\" data-id=\"1096ffe\" data-element_type=\"column\">\n\t\t\t<div class=\"elementor-column-wrap elementor-element-populated\">\n\t\t\t\t\t\t\t<div class=\"elementor-widget-wrap\">\n\t\t\t\t\t\t<div class=\"elementor-element elementor-element-92a1f16 elementor-widget-divider--view-line elementor-widget elementor-widget-divider\" data-id=\"92a1f16\" data-element_type=\"widget\" data-widget_type=\"divider.default\">\n\t\t\t\t<div class=\"elementor-widget-container\">\n\t\t\t\t\t<div class=\"elementor-divider\">\n\t\t\t<span class=\"elementor-divider-separator\">\n\t\t\t\t\t\t<\/span>\n\t\t<\/div>\n\t\t\t\t<\/div>\n\t\t\t\t<\/div>\n\t\t\t\t\t\t<\/div>\n\t\t\t\t\t<\/div>\n\t\t<\/div>\n\t\t\t\t\t\t\t\t<\/div>\n\t\t\t\t\t<\/div>\n\t\t<\/section>\n\t\t\t\t<section class=\"elementor-section elementor-top-section elementor-element elementor-element-5c0e6aa elementor-section-boxed elementor-section-height-default elementor-section-height-default\" data-id=\"5c0e6aa\" data-element_type=\"section\">\n\t\t\t\t\t\t<div class=\"elementor-container elementor-column-gap-default\">\n\t\t\t\t\t\t\t<div class=\"elementor-row\">\n\t\t\t\t\t<div class=\"elementor-column elementor-col-100 elementor-top-column elementor-element elementor-element-ca8ec61\" data-id=\"ca8ec61\" data-element_type=\"column\">\n\t\t\t<div class=\"elementor-column-wrap elementor-element-populated\">\n\t\t\t\t\t\t\t<div class=\"elementor-widget-wrap\">\n\t\t\t\t\t\t<div class=\"elementor-element elementor-element-4d1c9fb elementor-widget elementor-widget-text-editor\" data-id=\"4d1c9fb\" data-element_type=\"widget\" data-widget_type=\"text-editor.default\">\n\t\t\t\t<div class=\"elementor-widget-container\">\n\t\t\t\t\t\t\t\t<div class=\"elementor-text-editor elementor-clearfix\">\n\t\t\t\t<p class=\"p1 translation-block\">Als einer von Pr\u00fcfungsgesellschaften in der T\u00fcrkei, die sich durch eine effektive und dynamische Struktur auszeichnet, bieten wir unseren Kunden Dienstleistungen aus verschiedenen M\u00e4rkten und Gesch\u00e4ftsbereichen an. Wir verf\u00fcgen \u00fcber professionelle Pr\u00fcfer und Pr\u00fcferinnen, die sicherstellen, dass unsere Kunden die t\u00fcrkischen und internationalen gesetzlichen Anforderungen erf\u00fcllen.<\/p><p class=\"p1 translation-block\">Wir bieten unsere Pr\u00fcfungsdiensleitungen in zwei Kategorien an. Pr\u00fcfung der Jahresabschlusse und Einhaltung der Rechtsvorschriften.<\/p><p class=\"p1 translation-block\">Unsere Dienstleistungen im Zusammenhang mit der Pr\u00fcfung von Abschl\u00fcssen umfassen die Abgabe eines Pr\u00fcfungsurteils dar\u00fcber, ob Abschl\u00fcsse und Fu\u00dfnoten eines Unternehmens den International Financial Reporting Standards (\u201eIFRS\u201c), den \u201eGeneral Accepted Accounting Principles\u201c (\u201eUS-GAAP\u201c) oder den von festgelegten Standards entsprechen Regulierungsbeh\u00f6rden.<\/p><p class=\"p1\"><span class=\"s1\">Dieser Best\u00e4tigungsvermerk wird im Anschluss an den Pr\u00fcfungsprozess abgegeben, der durchgef\u00fchrt wird, um sicherzustellen, dass ein unabh\u00e4ngiger Pr\u00fcfer einen Best\u00e4tigungsvermerk dar\u00fcber abgibt, ob die Finanzlage und die Gesch\u00e4ftsergebnisse eines Unternehmens realistisch dargestellt wurden.<\/span><\/p><p class=\"p3\"><span class=\"s1\" style=\"color: #ff6600;\"><b>Wir k\u00f6nnen zusammenarbeiten, um Ihre folgenden Bed\u00fcrfnisse und Ziele zu erf\u00fcllen;<\/b><\/span><\/p><ul class=\"ul1\"><li class=\"li1\"><span class=\"s2\"><\/span><span class=\"s1\">Wirtschaftspr\u00fcfung und Berichterstattung an die Gesellschafter,<\/span><\/li><li class=\"li1\"><span class=\"s2\"><\/span><span class=\"s1\">Finanzbetrugspr\u00fcfung und Ermittlungsdienste,<\/span><\/li><li class=\"li1\"><span class=\"s2\"><\/span><span class=\"s1\"><b>IFRS and US-GAAP<\/b> Adjustments,<\/span><\/li><li class=\"li1 translation-block\">T\u00fcrkische Verfahrenssteuergesetze (lokale Standards),<\/li><li class=\"li1\"><span class=\"s2\"><\/span><span class=\"s1\">\u00dcberarbeitung von gesetzlichen B\u00fcchern, zugeh\u00f6rigen Dokumenten und Abschl\u00fcssen im Rahmen der Steuergesetzgebung,<\/span><\/li><li class=\"li1 translation-block\">Viertelj\u00e4hrliche \u00dcberpr\u00fcfung der Richtigkeit der vorl\u00e4ufigen Einkommens- und K\u00f6rperschaftsteuer Erkl\u00e4rungen anhand der t\u00fcrkischen Rechtsvorschriften,<\/li><li class=\"li1\"><span class=\"s2\"><\/span><span class=\"s1\">Pr\u00fcfungsdienste und Prozess\u00fcberwachung von Buchhaltungs- und Steueranwendungen ihrer Gesellschaft als Dritter durch spezifischer Berichterstattung,<\/span><\/li><\/ul>\t\t\t\t\t<\/div>\n\t\t\t\t\t\t<\/div>\n\t\t\t\t<\/div>\n\t\t\t\t\t\t<\/div>\n\t\t\t\t\t<\/div>\n\t\t<\/div>\n\t\t\t\t\t\t\t\t<\/div>\n\t\t\t\t\t<\/div>\n\t\t<\/section>\n\t\t\t\t\t\t\t\t\t<\/div>\n\t\t\t<\/div>\n\t\t\t\t\t<\/div>","protected":false},"excerpt":{"rendered":"<p>Financial Audit Services As one of the audit companies of Turkey standing out with our effective and dynamic structure, we offer services to our customers from various markets and businesses. We have professionals providing audit and assurance services to\u00a0 make sure our customers meet the Turkish and international legal requirements. [&hellip;]<\/p>","protected":false},"author":1,"featured_media":0,"parent":0,"menu_order":0,"comment_status":"closed","ping_status":"closed","template":"page-templates\/template-pagebuilder-full-width.php","meta":{"footnotes":""},"class_list":["post-277","page","type-page","status-publish","hentry"],"yoast_head":"<!-- This site is optimized with the Yoast SEO plugin v19.12 - https:\/\/yoast.com\/wordpress\/plugins\/seo\/ -->\n<title>Financial Audit Services &bull; Certified Public Accountants | Ihr Rechtsanwalt und Steuerberater in Istanbul<\/title>\n<meta name=\"description\" content=\"We are providing audit and assurance services to foreign entities in Turkey on demand. If you need a second eye in a reporting format with regards to tax and financial audit, please send us an email : info@smart-outsourcing.com\" \/>\n<meta name=\"robots\" content=\"index, follow, max-snippet:-1, max-image-preview:large, max-video-preview:-1\" \/>\n<link rel=\"canonical\" href=\"https:\/\/smart-outsourcing.com\/de\/financial-audit-services\/\" \/>\n<meta property=\"og:locale\" content=\"de_DE\" \/>\n<meta property=\"og:type\" content=\"article\" \/>\n<meta property=\"og:title\" content=\"Financial Audit Services &bull; Certified Public Accountants | Ihr Rechtsanwalt und Steuerberater in Istanbul\" \/>\n<meta property=\"og:description\" content=\"We are providing audit and assurance services to foreign entities in Turkey on demand. If you need a second eye in a reporting format with regards to tax and financial audit, please send us an email : info@smart-outsourcing.com\" \/>\n<meta property=\"og:url\" content=\"https:\/\/smart-outsourcing.com\/de\/financial-audit-services\/\" \/>\n<meta property=\"og:site_name\" content=\"Certified Public Accountants | Ihr Rechtsanwalt und Steuerberater in Istanbul\" \/>\n<meta property=\"article:modified_time\" content=\"2022-12-29T12:12:13+00:00\" \/>\n<meta name=\"twitter:card\" content=\"summary_large_image\" \/>\n<meta name=\"twitter:label1\" content=\"Gesch\u00e4tzte Lesezeit\" \/>\n\t<meta name=\"twitter:data1\" content=\"1\u00a0Minute\" \/>\n<script type=\"application\/ld+json\" class=\"yoast-schema-graph\">{\"@context\":\"https:\/\/schema.org\",\"@graph\":[{\"@type\":\"WebPage\",\"@id\":\"https:\/\/smart-outsourcing.com\/financial-audit-services\/\",\"url\":\"https:\/\/smart-outsourcing.com\/financial-audit-services\/\",\"name\":\"Financial Audit Services &bull; Certified Public Accountants | Ihr Rechtsanwalt und Steuerberater in Istanbul\",\"isPartOf\":{\"@id\":\"https:\/\/smart-outsourcing.com\/en\/#website\"},\"datePublished\":\"2019-01-14T22:34:04+00:00\",\"dateModified\":\"2022-12-29T12:12:13+00:00\",\"description\":\"We are providing audit and assurance services to foreign entities in Turkey on demand. If you need a second eye in a reporting format with regards to tax and financial audit, please send us an email : info@smart-outsourcing.com\",\"breadcrumb\":{\"@id\":\"https:\/\/smart-outsourcing.com\/financial-audit-services\/#breadcrumb\"},\"inLanguage\":\"de\",\"potentialAction\":[{\"@type\":\"ReadAction\",\"target\":[\"https:\/\/smart-outsourcing.com\/financial-audit-services\/\"]}]},{\"@type\":\"BreadcrumbList\",\"@id\":\"https:\/\/smart-outsourcing.com\/financial-audit-services\/#breadcrumb\",\"itemListElement\":[{\"@type\":\"ListItem\",\"position\":1,\"name\":\"Home\",\"item\":\"https:\/\/smart-outsourcing.com\/\"},{\"@type\":\"ListItem\",\"position\":2,\"name\":\"Financial Audit Services\"}]},{\"@type\":\"WebSite\",\"@id\":\"https:\/\/smart-outsourcing.com\/en\/#website\",\"url\":\"https:\/\/smart-outsourcing.com\/en\/\",\"name\":\"Certified Public Accountants | Ihr Rechtsanwalt und Steuerberater in Istanbul\",\"description\":\"Accounting | Payroll | Tax | Law | Bookkeeping &amp; Rechts- und Steuerberatungskanzlei in Istanbul - Ihr Steuerberater und Rechstberater in der T\u00fcrkei\",\"publisher\":{\"@id\":\"https:\/\/smart-outsourcing.com\/en\/#organization\"},\"potentialAction\":[{\"@type\":\"SearchAction\",\"target\":{\"@type\":\"EntryPoint\",\"urlTemplate\":\"https:\/\/smart-outsourcing.com\/en\/?s={search_term_string}\"},\"query-input\":\"required name=search_term_string\"}],\"inLanguage\":\"de\"},{\"@type\":\"Organization\",\"@id\":\"https:\/\/smart-outsourcing.com\/en\/#organization\",\"name\":\"Smart Outsourcing \/ Rechtsanwalts- und Steuerberatungskanzlei Istanbul\",\"url\":\"https:\/\/smart-outsourcing.com\/en\/\",\"logo\":{\"@type\":\"ImageObject\",\"inLanguage\":\"de\",\"@id\":\"https:\/\/smart-outsourcing.com\/en\/#\/schema\/logo\/image\/\",\"url\":\"https:\/\/smart-outsourcing.com\/wp-content\/uploads\/2018\/12\/logo-edited.png\",\"contentUrl\":\"https:\/\/smart-outsourcing.com\/wp-content\/uploads\/2018\/12\/logo-edited.png\",\"width\":1500,\"height\":1000,\"caption\":\"Smart Outsourcing \/ Rechtsanwalts- und Steuerberatungskanzlei Istanbul\"},\"image\":{\"@id\":\"https:\/\/smart-outsourcing.com\/en\/#\/schema\/logo\/image\/\"},\"sameAs\":[\"https:\/\/www.instagram.com\/smartoutsourcingistanbul\/\",\"https:\/\/www.linkedin.com\/company\/18522276\/admin\/\"]}]}<\/script>\n<!-- \/ Yoast SEO plugin. -->","yoast_head_json":{"title":"Financial Audit Services &bull; Certified Public Accountants | Ihr Rechtsanwalt und Steuerberater in Istanbul","description":"We are providing audit and assurance services to foreign entities in Turkey on demand. If you need a second eye in a reporting format with regards to tax and financial audit, please send us an email : info@smart-outsourcing.com","robots":{"index":"index","follow":"follow","max-snippet":"max-snippet:-1","max-image-preview":"max-image-preview:large","max-video-preview":"max-video-preview:-1"},"canonical":"https:\/\/smart-outsourcing.com\/de\/financial-audit-services\/","og_locale":"de_DE","og_type":"article","og_title":"Financial Audit Services &bull; Certified Public Accountants | Ihr Rechtsanwalt und Steuerberater in Istanbul","og_description":"We are providing audit and assurance services to foreign entities in Turkey on demand. If you need a second eye in a reporting format with regards to tax and financial audit, please send us an email : info@smart-outsourcing.com","og_url":"https:\/\/smart-outsourcing.com\/de\/financial-audit-services\/","og_site_name":"Certified Public Accountants | Ihr Rechtsanwalt und Steuerberater in Istanbul","article_modified_time":"2022-12-29T12:12:13+00:00","twitter_card":"summary_large_image","twitter_misc":{"Gesch\u00e4tzte Lesezeit":"1\u00a0Minute"},"schema":{"@context":"https:\/\/schema.org","@graph":[{"@type":"WebPage","@id":"https:\/\/smart-outsourcing.com\/financial-audit-services\/","url":"https:\/\/smart-outsourcing.com\/financial-audit-services\/","name":"Financial Audit Services &bull; Certified Public Accountants | Ihr Rechtsanwalt und Steuerberater in Istanbul","isPartOf":{"@id":"https:\/\/smart-outsourcing.com\/en\/#website"},"datePublished":"2019-01-14T22:34:04+00:00","dateModified":"2022-12-29T12:12:13+00:00","description":"We are providing audit and assurance services to foreign entities in Turkey on demand. If you need a second eye in a reporting format with regards to tax and financial audit, please send us an email : info@smart-outsourcing.com","breadcrumb":{"@id":"https:\/\/smart-outsourcing.com\/financial-audit-services\/#breadcrumb"},"inLanguage":"de","potentialAction":[{"@type":"ReadAction","target":["https:\/\/smart-outsourcing.com\/financial-audit-services\/"]}]},{"@type":"BreadcrumbList","@id":"https:\/\/smart-outsourcing.com\/financial-audit-services\/#breadcrumb","itemListElement":[{"@type":"ListItem","position":1,"name":"Home","item":"https:\/\/smart-outsourcing.com\/"},{"@type":"ListItem","position":2,"name":"Financial Audit Services"}]},{"@type":"WebSite","@id":"https:\/\/smart-outsourcing.com\/en\/#website","url":"https:\/\/smart-outsourcing.com\/en\/","name":"Certified Public Accountants | Ihr Rechtsanwalt und Steuerberater in Istanbul","description":"Accounting | Payroll | Tax | Law | Bookkeeping &amp; Rechts- und Steuerberatungskanzlei in Istanbul - Ihr Steuerberater und Rechstberater in der T\u00fcrkei","publisher":{"@id":"https:\/\/smart-outsourcing.com\/en\/#organization"},"potentialAction":[{"@type":"SearchAction","target":{"@type":"EntryPoint","urlTemplate":"https:\/\/smart-outsourcing.com\/en\/?s={search_term_string}"},"query-input":"required name=search_term_string"}],"inLanguage":"de"},{"@type":"Organization","@id":"https:\/\/smart-outsourcing.com\/en\/#organization","name":"Smart Outsourcing \/ Rechtsanwalts- und Steuerberatungskanzlei Istanbul","url":"https:\/\/smart-outsourcing.com\/en\/","logo":{"@type":"ImageObject","inLanguage":"de","@id":"https:\/\/smart-outsourcing.com\/en\/#\/schema\/logo\/image\/","url":"https:\/\/smart-outsourcing.com\/wp-content\/uploads\/2018\/12\/logo-edited.png","contentUrl":"https:\/\/smart-outsourcing.com\/wp-content\/uploads\/2018\/12\/logo-edited.png","width":1500,"height":1000,"caption":"Smart Outsourcing \/ Rechtsanwalts- und Steuerberatungskanzlei Istanbul"},"image":{"@id":"https:\/\/smart-outsourcing.com\/en\/#\/schema\/logo\/image\/"},"sameAs":["https:\/\/www.instagram.com\/smartoutsourcingistanbul\/","https:\/\/www.linkedin.com\/company\/18522276\/admin\/"]}]}},"_links":{"self":[{"href":"https:\/\/smart-outsourcing.com\/de\/wp-json\/wp\/v2\/pages\/277","targetHints":{"allow":["GET"]}}],"collection":[{"href":"https:\/\/smart-outsourcing.com\/de\/wp-json\/wp\/v2\/pages"}],"about":[{"href":"https:\/\/smart-outsourcing.com\/de\/wp-json\/wp\/v2\/types\/page"}],"author":[{"embeddable":true,"href":"https:\/\/smart-outsourcing.com\/de\/wp-json\/wp\/v2\/users\/1"}],"replies":[{"embeddable":true,"href":"https:\/\/smart-outsourcing.com\/de\/wp-json\/wp\/v2\/comments?post=277"}],"version-history":[{"count":6,"href":"https:\/\/smart-outsourcing.com\/de\/wp-json\/wp\/v2\/pages\/277\/revisions"}],"predecessor-version":[{"id":1149,"href":"https:\/\/smart-outsourcing.com\/de\/wp-json\/wp\/v2\/pages\/277\/revisions\/1149"}],"wp:attachment":[{"href":"https:\/\/smart-outsourcing.com\/de\/wp-json\/wp\/v2\/media?parent=277"}],"curies":[{"name":"wp","href":"https:\/\/api.w.org\/{rel}","templated":true}]}}