{"id":275,"date":"2019-01-14T22:33:49","date_gmt":"2019-01-14T22:33:49","guid":{"rendered":"http:\/\/smart-outsourcing.com\/?page_id=275"},"modified":"2022-12-29T12:03:14","modified_gmt":"2022-12-29T12:03:14","slug":"accounting-and-tax-services","status":"publish","type":"page","link":"https:\/\/smart-outsourcing.com\/de\/buchhaltung-und-steuerberatung\/","title":{"rendered":"Buchhaltung, Steuerberatung, Kontenplananpassung und  Finanzbericherstattung Dienste"},"content":{"rendered":"<div data-elementor-type=\"wp-post\" data-elementor-id=\"275\" class=\"elementor elementor-275 elementor-bc-flex-widget\">\n\t\t\t\t\t\t<div class=\"elementor-inner\">\n\t\t\t\t<div class=\"elementor-section-wrap\">\n\t\t\t\t\t\t\t\t\t<section class=\"elementor-section elementor-top-section elementor-element elementor-element-fcdd7cc elementor-section-boxed elementor-section-height-default elementor-section-height-default\" data-id=\"fcdd7cc\" data-element_type=\"section\">\n\t\t\t\t\t\t<div class=\"elementor-container elementor-column-gap-default\">\n\t\t\t\t\t\t\t<div class=\"elementor-row\">\n\t\t\t\t\t<div class=\"elementor-column elementor-col-100 elementor-top-column elementor-element elementor-element-4ebd4e1\" data-id=\"4ebd4e1\" data-element_type=\"column\">\n\t\t\t<div class=\"elementor-column-wrap elementor-element-populated\">\n\t\t\t\t\t\t\t<div class=\"elementor-widget-wrap\">\n\t\t\t\t\t\t<div class=\"elementor-element elementor-element-03049eb elementor-widget elementor-widget-spacer\" data-id=\"03049eb\" data-element_type=\"widget\" data-widget_type=\"spacer.default\">\n\t\t\t\t<div class=\"elementor-widget-container\">\n\t\t\t\t\t<div class=\"elementor-spacer\">\n\t\t\t<div class=\"elementor-spacer-inner\"><\/div>\n\t\t<\/div>\n\t\t\t\t<\/div>\n\t\t\t\t<\/div>\n\t\t\t\t<div class=\"elementor-element elementor-element-6463ce7 elementor-view-default elementor-widget elementor-widget-icon\" data-id=\"6463ce7\" data-element_type=\"widget\" data-widget_type=\"icon.default\">\n\t\t\t\t<div class=\"elementor-widget-container\">\n\t\t\t\t\t<div class=\"elementor-icon-wrapper\">\n\t\t\t<div class=\"elementor-icon\">\n\t\t\t\t\t\t\t<i class=\"fa fa-calculator\" aria-hidden=\"true\"><\/i>\n\t\t\t\t\t\t<\/div>\n\t\t<\/div>\n\t\t\t\t<\/div>\n\t\t\t\t<\/div>\n\t\t\t\t\t\t<\/div>\n\t\t\t\t\t<\/div>\n\t\t<\/div>\n\t\t\t\t\t\t\t\t<\/div>\n\t\t\t\t\t<\/div>\n\t\t<\/section>\n\t\t\t\t<section class=\"elementor-section elementor-top-section elementor-element elementor-element-c90e6e2 elementor-section-boxed elementor-section-height-default elementor-section-height-default\" data-id=\"c90e6e2\" data-element_type=\"section\">\n\t\t\t\t\t\t<div class=\"elementor-container elementor-column-gap-default\">\n\t\t\t\t\t\t\t<div class=\"elementor-row\">\n\t\t\t\t\t<div class=\"elementor-column elementor-col-100 elementor-top-column elementor-element elementor-element-a3d8c4d\" data-id=\"a3d8c4d\" data-element_type=\"column\">\n\t\t\t<div class=\"elementor-column-wrap elementor-element-populated\">\n\t\t\t\t\t\t\t<div class=\"elementor-widget-wrap\">\n\t\t\t\t\t\t<div class=\"elementor-element elementor-element-ec9df70 elementor-widget elementor-widget-heading\" data-id=\"ec9df70\" data-element_type=\"widget\" data-widget_type=\"heading.default\">\n\t\t\t\t<div class=\"elementor-widget-container\">\n\t\t\t<h2 class=\"elementor-heading-title elementor-size-default\">Buchhaltung, Steuerberatung, Kontenplananpassung und  Finanzbericherstattung Dienste<\/h2>\t\t<\/div>\n\t\t\t\t<\/div>\n\t\t\t\t\t\t<\/div>\n\t\t\t\t\t<\/div>\n\t\t<\/div>\n\t\t\t\t\t\t\t\t<\/div>\n\t\t\t\t\t<\/div>\n\t\t<\/section>\n\t\t\t\t<section class=\"elementor-section elementor-top-section elementor-element elementor-element-6acb235 elementor-section-boxed elementor-section-height-default elementor-section-height-default\" data-id=\"6acb235\" data-element_type=\"section\">\n\t\t\t\t\t\t<div class=\"elementor-container elementor-column-gap-default\">\n\t\t\t\t\t\t\t<div class=\"elementor-row\">\n\t\t\t\t\t<div class=\"elementor-column elementor-col-100 elementor-top-column elementor-element elementor-element-3e33fef\" data-id=\"3e33fef\" data-element_type=\"column\">\n\t\t\t<div class=\"elementor-column-wrap elementor-element-populated\">\n\t\t\t\t\t\t\t<div class=\"elementor-widget-wrap\">\n\t\t\t\t\t\t<div class=\"elementor-element elementor-element-e416776 elementor-widget-divider--view-line elementor-widget elementor-widget-divider\" data-id=\"e416776\" data-element_type=\"widget\" data-widget_type=\"divider.default\">\n\t\t\t\t<div class=\"elementor-widget-container\">\n\t\t\t\t\t<div class=\"elementor-divider\">\n\t\t\t<span class=\"elementor-divider-separator\">\n\t\t\t\t\t\t<\/span>\n\t\t<\/div>\n\t\t\t\t<\/div>\n\t\t\t\t<\/div>\n\t\t\t\t\t\t<\/div>\n\t\t\t\t\t<\/div>\n\t\t<\/div>\n\t\t\t\t\t\t\t\t<\/div>\n\t\t\t\t\t<\/div>\n\t\t<\/section>\n\t\t\t\t<section class=\"elementor-section elementor-top-section elementor-element elementor-element-3424c4c elementor-section-boxed elementor-section-height-default elementor-section-height-default\" data-id=\"3424c4c\" data-element_type=\"section\">\n\t\t\t\t\t\t<div class=\"elementor-container elementor-column-gap-default\">\n\t\t\t\t\t\t\t<div class=\"elementor-row\">\n\t\t\t\t\t<div class=\"elementor-column elementor-col-100 elementor-top-column elementor-element elementor-element-8d3e136\" data-id=\"8d3e136\" data-element_type=\"column\">\n\t\t\t<div class=\"elementor-column-wrap elementor-element-populated\">\n\t\t\t\t\t\t\t<div class=\"elementor-widget-wrap\">\n\t\t\t\t\t\t<div class=\"elementor-element elementor-element-f6245c9 elementor-widget elementor-widget-text-editor\" data-id=\"f6245c9\" data-element_type=\"widget\" data-widget_type=\"text-editor.default\">\n\t\t\t\t<div class=\"elementor-widget-container\">\n\t\t\t\t\t\t\t\t<div class=\"elementor-text-editor elementor-clearfix\">\n\t\t\t\t<hr \/><hr \/><p class=\"p1\"><span class=\"s1\">In einer sich schnell ver\u00e4ndernden Welt erf\u00fcllen wir nicht nur die Bed\u00fcrfnisse unserer Kunden in Bezug auf Buchhaltungs- und Steueranwendungen, sondern gehen \u00fcber das angestrebte System hinaus, indem wir alle Prozesse ber\u00fccksichtigen und einen Mehrwert schaffen, der bei unseren Kunden einen positiven Eindruck hinterl\u00e4sst .<\/span><\/p><p class=\"p1\"><span class=\"s1\">Mit einer komplement\u00e4ren Perspektive helfen wir unseren Kunden, ihre Buchhaltungs- und Steuerfunktionen auf die Zukunft vorzubereiten, indem wir Technologie in Routinearbeiten mit unseren innovativen und praktischen Strategien und Modellen integrieren, anstatt monotone Buchhaltungspraktiken anzuwenden. <\/span><\/p><p class=\"p1\"><span class=\"s1\">Das Bestimmen der Herausforderungen, Ihrer Ziele und Bed\u00fcrfnisse ist nur ein Anfang. Das gemeinsame Erkennen von Ver\u00e4nderungs- und Entwicklungsprozessen und das Erstellen langfristiger Strategien ist der Schl\u00fcssel f\u00fcr ein erfolgreiches und stetiges Management. <\/span><\/p><p class=\"p1\"><span class=\"s1\">Sie m\u00fcssen Ihr vorhandenes Buchhaltungssystem oder Ihre vorhandene Software nicht \u00e4ndern. Bei Smart Outsourcing \u00fcbertragen wir die Buchhaltungsdaten, die Sie auf Ihrem eigenen System haben, mithilfe von \u00dcbertragungsvorlagen in unser eigenes System oder in die lokale Buchhaltungsdatenbank unseres Kunden und sorgen f\u00fcr die Datenintegration. Indem wir eine Br\u00fccke zwischen den beiden \nglobalen Systemen schlagen, r\u00fccken wir die Systemkompatibilit\u00e4t in den Vordergrund.<\/span><\/p><p class=\"p3\"><span class=\"s1\" style=\"color: #ff6600;\"><b>Wir k\u00f6nnen zusammenarbeiten, um Ihre folgenden Bed\u00fcrfnisse und Ziele zu erf\u00fcllen;<\/b><\/span><\/p><ul class=\"ul1\"><li class=\"li1\"><span class=\"s2\"><\/span><span class=\"s1\">Erfassung von Journalbuchungen nach einheitlichem Kontenplan (SKR) und regelm\u00e4\u00dfiger Berichterstattung, <\/span><\/li><li class=\"li4\"><span class=\"s2\"><\/span><span class=\"s1\">Kontenplan Integration auf Abruf (HQ) - SKR 03 &amp; SKR 04 Zuordnung <b>SKR 03 &amp; SKR 04 Mapping<\/b><\/span><\/li><li class=\"li1 translation-block\">Anwendung der Kostenstellenstrategie (CCS) auf die Rechnungslegungsstruktur und Bereitstellung der Interpretierbarkeit von GuV-Transaktionen (Gewinn und Verlust)<\/li><li class=\"li1 translation-block\">Buchf\u00fchrung nach Lokal-GAAP, IFRS, Deutsche-GAAP und US-GAAP, Analyse der Unterschiede und regelm\u00e4\u00dfige Berichterstattung,<\/li><li class=\"li1\"><span class=\"s2\"><\/span><span class=\"s1\">Erstellung monatlicher \/ viertelj\u00e4hrlicher \/ j\u00e4hrlicher Steuererkl\u00e4rungen (MwSt., MwSt. 2, Quellensteuer, K\u00f6rperschaftsteuer (K\u00f6sT), BA \/ BS, Stempelsteuer, Banken- und Versicherungstssteuer) \u00fcber das E-Erkl\u00e4rung-System,<\/span><\/li><li class=\"li1 translation-block\">Anwendungen f\u00fcr Bestandsinventur und Bestandsbuchhaltung sowie Systemeinrichtung zum ERP-System,<\/li><li class=\"li1\"><span class=\"s2\"><\/span><span class=\"s1\">Kontrolle und Verfolgung von Buchhaltungs- und Steuerprozessen, die f\u00fcr Niederlassungen und Verbindungsb\u00fcros in der T\u00fcrkei durchgef\u00fchrt werden sollen,<\/span><\/li><li class=\"li1 translation-block\">Alle Lieferung \/ Verbindlichkeiten aus LuL und Konzerninterne Saldenbstimmungen,<\/li><li class=\"li1 translation-block\">Externe Kontrolle der Einhaltung der lokalen Steuergesetzgebung durch die Buchhaltungsdaten und Entwicklung geeigneter Arbeitsabl\u00e4ufe (Vier-Augen-Prinzip),<\/li><li class=\"li1 translation-block\">Einrichten von E-Buch- und E-Rechnung-Integrationen in Buchhaltungsfunktionen und Ausf\u00fchren von der gesetzlichen Anforderungen<\/li><li class=\"li1\"><span class=\"s2\"><\/span><span class=\"s1\">Erstellung und \u00dcberpr\u00fcfung des Ad-hoc-Jahresabschlusses,<\/span><\/li><li class=\"li1\"><span class=\"s2\"><\/span><span class=\"s1\">Analyse der Finanzprognose,<\/span><\/li><li class=\"li1\"><span class=\"s2\"><\/span><span class=\"s1\">Finanzberichterstattung - Erstellung von Finanzberichten oder Berichtspaketen zur die Aufsichtsratversammlung,<\/span><\/li><li class=\"li1\"><span class=\"s2\"><\/span><span class=\"s1\">Einrichtung eines funktionalen Buchhaltungs- und Kostensystems und Implementierung in den Buchhaltungsabteilungen<\/span><\/li><li class=\"li1 translation-block\">Cloud-Buchhaltung<\/li><li class=\"li1\"><span class=\"s2\"><\/span><span class=\"s1\">Cash Flow Management<br \/><\/span><\/li><\/ul><div><\/div><div><\/div><blockquote><p><span class=\"s1\"><b>Steuerberatung<\/b><\/span><\/p><\/blockquote><p class=\"p3\"><span class=\"s1\" style=\"color: #ff6600;\"><b>Wir k\u00f6nnen zusammenarbeiten, um Ihre folgenden Bed\u00fcrfnisse und Ziele zu erf\u00fcllen;<\/b><\/span><\/p><blockquote><ul class=\"ul1\"><li class=\"li1\"><span class=\"s1\">Steuerliche Berichterstattung und Strategie<\/span><\/li><li class=\"li1\"><span class=\"s1\">Mehrwertsteuer R\u00fcckerstattung <\/span><span class=\"s3\"><span style=\"color: #ff0000;\">beschleunigt<\/span>, <\/span><span class=\"s1\">unser engagierter Team befasst sich ausschlie\u00dflich mit Mehrwertsteuerr\u00fcckerstattung.<\/span><\/li><li class=\"li1\"><span class=\"s1\">Analyse der Steuerprozesse in \u00dcbereinstimmung mit den Strategien und Zielen der zu gr\u00fcndenden Gesellschaft,<\/span><\/li><li class=\"li1 translation-block\">Beseitigung der potenziellen Hindernisse, mit denen unsere Kunden konfrontiert sind \/ konfrontiert werden, indem steuerrelevante Risikobewertungen durchgef\u00fchrt und Risikoanalyseberichte erstellt werden,<\/li><li class=\"li1 translation-block\">Steuerplanung und Beratung zur Optimierung der Steuerbelastung,<\/li><li class=\"li1 translation-block\">Durchf\u00fchrung des vom Finanzamt verlangten Pr\u00fcfungs- und Pr\u00fcfungsprozesses und Vertretung vor Steuergerichten,<\/li><li class=\"li1 translation-block\">Beratungsleistungen bez\u00fcglich finanzieller und strategischer Strukturen, die aufgrund \ndes versteckten Kapitals, das sich aus den Handelsbeziehungen unserer Kunden mit ausl\u00e4ndischen M\u00e4rkten und der \u00dcberweisung von Gewinnen ins Ausland ergibt, aufgebaut werden m\u00fcssen,<\/li><li class=\"li1 translation-block\">Beratungsleistungen zu Anreizen und Konflikten im Rahmen der Vermeidung von Doppelbesteuerungsabkommen zwischen L\u00e4ndern,<\/li><li class=\"li1 translation-block\">Durchf\u00fchrung der erforderlichen Verfahren f\u00fcr die Erstattung der Mehrwertsteuer und die Rechnungslegung in Abstimmung mit dem Steueramt,<\/li><li class=\"li1\"><span class=\"s1\">Umstrukturierung der Unternehmensfinanzierung,<\/span><\/li><li class=\"li1\"><span class=\"s1\">Vorbereitung des Verrechnungspreisberichts,<\/span><\/li><li class=\"li1\"><span class=\"s1\">Steuerbescheinigung und andere vereidigte Finanzberatungsdienste,<\/span><\/li><li class=\"li1\"><span class=\"s1\">Bewertungsleistungen \/ Bewertungsberichterstattung<\/span><\/li><li class=\"li1\"><span class=\"s1\">Finanzielle Due Diligence,<\/span><\/li><li class=\"li1\"><span class=\"s1\">Erstellung von j\u00e4hrlichen K\u00f6rperschaftsteuer-Best\u00e4tigungsberichts<\/span><\/li><li class=\"li1\"><span class=\"s1\">\u00dcberpr\u00fcfen der Richtigkeit der K\u00f6rperschaftsteuererkl\u00e4rungen anhand der Steuergesetzgebung und Wiederberechnung<\/span><\/li><li class=\"li1\"><span class=\"s1\">Vollst\u00e4ndige Steuerbescheinigung (gem\u00e4\u00df den lokalen Steuergesetzen) durch einen vereidigten eingetragenen Steuerberater (StB)<\/span><\/li><\/ul><\/blockquote>\t\t\t\t\t<\/div>\n\t\t\t\t\t\t<\/div>\n\t\t\t\t<\/div>\n\t\t\t\t\t\t<\/div>\n\t\t\t\t\t<\/div>\n\t\t<\/div>\n\t\t\t\t\t\t\t\t<\/div>\n\t\t\t\t\t<\/div>\n\t\t<\/section>\n\t\t\t\t\t\t\t\t\t<\/div>\n\t\t\t<\/div>\n\t\t\t\t\t<\/div>","protected":false},"excerpt":{"rendered":"<p>Accounting and Tax Services In a rapidly changing world, we do not just meet the needs of our clients with regard to accounting and tax applications, but go beyond reaching the intended system by taking all processes into account and creating an added value that leaves a positive impression on [&hellip;]<\/p>","protected":false},"author":1,"featured_media":0,"parent":0,"menu_order":0,"comment_status":"closed","ping_status":"closed","template":"page-templates\/template-pagebuilder-full-width.php","meta":{"footnotes":""},"class_list":["post-275","page","type-page","status-publish","hentry"],"yoast_head":"<!-- This site is optimized with the Yoast SEO plugin v19.12 - https:\/\/yoast.com\/wordpress\/plugins\/seo\/ -->\n<title>Accounting and Tax Services &bull; Certified Public Accountants | Ihr Rechtsanwalt und Steuerberater in Istanbul<\/title>\n<meta name=\"description\" content=\"Bookkeeping according to Turkish-GAAP, IFRS, German-GAAP and US-GAAP, analysing the differences and package reporting, Chart of Accounts Integration on demand (HQ) \u2013 SKR 03 &amp; SKR 04 Mapping\" \/>\n<meta name=\"robots\" content=\"index, follow, max-snippet:-1, max-image-preview:large, max-video-preview:-1\" \/>\n<link rel=\"canonical\" href=\"https:\/\/smart-outsourcing.com\/de\/buchhaltung-und-steuerberatung\/\" \/>\n<meta property=\"og:locale\" content=\"de_DE\" \/>\n<meta property=\"og:type\" content=\"article\" \/>\n<meta property=\"og:title\" content=\"Accounting and Tax Services &bull; Certified Public Accountants | Ihr Rechtsanwalt und Steuerberater in Istanbul\" \/>\n<meta property=\"og:description\" content=\"Bookkeeping according to Turkish-GAAP, IFRS, German-GAAP and US-GAAP, analysing the differences and package reporting, Chart of Accounts Integration on demand (HQ) \u2013 SKR 03 &amp; SKR 04 Mapping\" \/>\n<meta property=\"og:url\" content=\"https:\/\/smart-outsourcing.com\/de\/buchhaltung-und-steuerberatung\/\" \/>\n<meta property=\"og:site_name\" content=\"Certified Public Accountants | Ihr Rechtsanwalt und Steuerberater in Istanbul\" \/>\n<meta property=\"article:modified_time\" content=\"2022-12-29T12:03:14+00:00\" \/>\n<meta name=\"twitter:card\" content=\"summary_large_image\" \/>\n<meta name=\"twitter:label1\" content=\"Gesch\u00e4tzte Lesezeit\" \/>\n\t<meta name=\"twitter:data1\" content=\"3\u00a0Minuten\" \/>\n<script type=\"application\/ld+json\" class=\"yoast-schema-graph\">{\"@context\":\"https:\/\/schema.org\",\"@graph\":[{\"@type\":\"WebPage\",\"@id\":\"https:\/\/smart-outsourcing.com\/accounting-and-tax-services\/\",\"url\":\"https:\/\/smart-outsourcing.com\/accounting-and-tax-services\/\",\"name\":\"Accounting and Tax Services &bull; Certified Public Accountants | Ihr Rechtsanwalt und Steuerberater in Istanbul\",\"isPartOf\":{\"@id\":\"https:\/\/smart-outsourcing.com\/en\/#website\"},\"datePublished\":\"2019-01-14T22:33:49+00:00\",\"dateModified\":\"2022-12-29T12:03:14+00:00\",\"description\":\"Bookkeeping according to Turkish-GAAP, IFRS, German-GAAP and US-GAAP, analysing the differences and package reporting, Chart of Accounts Integration on demand (HQ) \u2013 SKR 03 & SKR 04 Mapping\",\"breadcrumb\":{\"@id\":\"https:\/\/smart-outsourcing.com\/accounting-and-tax-services\/#breadcrumb\"},\"inLanguage\":\"de\",\"potentialAction\":[{\"@type\":\"ReadAction\",\"target\":[\"https:\/\/smart-outsourcing.com\/accounting-and-tax-services\/\"]}]},{\"@type\":\"BreadcrumbList\",\"@id\":\"https:\/\/smart-outsourcing.com\/accounting-and-tax-services\/#breadcrumb\",\"itemListElement\":[{\"@type\":\"ListItem\",\"position\":1,\"name\":\"Home\",\"item\":\"https:\/\/smart-outsourcing.com\/\"},{\"@type\":\"ListItem\",\"position\":2,\"name\":\"Accounting and Tax Services\"}]},{\"@type\":\"WebSite\",\"@id\":\"https:\/\/smart-outsourcing.com\/en\/#website\",\"url\":\"https:\/\/smart-outsourcing.com\/en\/\",\"name\":\"Certified Public Accountants | Ihr Rechtsanwalt und Steuerberater in Istanbul\",\"description\":\"Accounting | Payroll | Tax | Law | Bookkeeping &amp; Rechts- und Steuerberatungskanzlei in Istanbul - Ihr Steuerberater und Rechstberater in der T\u00fcrkei\",\"publisher\":{\"@id\":\"https:\/\/smart-outsourcing.com\/en\/#organization\"},\"potentialAction\":[{\"@type\":\"SearchAction\",\"target\":{\"@type\":\"EntryPoint\",\"urlTemplate\":\"https:\/\/smart-outsourcing.com\/en\/?s={search_term_string}\"},\"query-input\":\"required name=search_term_string\"}],\"inLanguage\":\"de\"},{\"@type\":\"Organization\",\"@id\":\"https:\/\/smart-outsourcing.com\/en\/#organization\",\"name\":\"Smart Outsourcing \/ Rechtsanwalts- und Steuerberatungskanzlei Istanbul\",\"url\":\"https:\/\/smart-outsourcing.com\/en\/\",\"logo\":{\"@type\":\"ImageObject\",\"inLanguage\":\"de\",\"@id\":\"https:\/\/smart-outsourcing.com\/en\/#\/schema\/logo\/image\/\",\"url\":\"https:\/\/smart-outsourcing.com\/wp-content\/uploads\/2018\/12\/logo-edited.png\",\"contentUrl\":\"https:\/\/smart-outsourcing.com\/wp-content\/uploads\/2018\/12\/logo-edited.png\",\"width\":1500,\"height\":1000,\"caption\":\"Smart Outsourcing \/ Rechtsanwalts- und Steuerberatungskanzlei Istanbul\"},\"image\":{\"@id\":\"https:\/\/smart-outsourcing.com\/en\/#\/schema\/logo\/image\/\"},\"sameAs\":[\"https:\/\/www.instagram.com\/smartoutsourcingistanbul\/\",\"https:\/\/www.linkedin.com\/company\/18522276\/admin\/\"]}]}<\/script>\n<!-- \/ Yoast SEO plugin. -->","yoast_head_json":{"title":"Accounting and Tax Services &bull; Certified Public Accountants | Ihr Rechtsanwalt und Steuerberater in Istanbul","description":"Bookkeeping according to Turkish-GAAP, IFRS, German-GAAP and US-GAAP, analysing the differences and package reporting, Chart of Accounts Integration on demand (HQ) \u2013 SKR 03 & SKR 04 Mapping","robots":{"index":"index","follow":"follow","max-snippet":"max-snippet:-1","max-image-preview":"max-image-preview:large","max-video-preview":"max-video-preview:-1"},"canonical":"https:\/\/smart-outsourcing.com\/de\/buchhaltung-und-steuerberatung\/","og_locale":"de_DE","og_type":"article","og_title":"Accounting and Tax Services &bull; Certified Public Accountants | Ihr Rechtsanwalt und Steuerberater in Istanbul","og_description":"Bookkeeping according to Turkish-GAAP, IFRS, German-GAAP and US-GAAP, analysing the differences and package reporting, Chart of Accounts Integration on demand (HQ) \u2013 SKR 03 & SKR 04 Mapping","og_url":"https:\/\/smart-outsourcing.com\/de\/buchhaltung-und-steuerberatung\/","og_site_name":"Certified Public Accountants | Ihr Rechtsanwalt und Steuerberater in Istanbul","article_modified_time":"2022-12-29T12:03:14+00:00","twitter_card":"summary_large_image","twitter_misc":{"Gesch\u00e4tzte Lesezeit":"3\u00a0Minuten"},"schema":{"@context":"https:\/\/schema.org","@graph":[{"@type":"WebPage","@id":"https:\/\/smart-outsourcing.com\/accounting-and-tax-services\/","url":"https:\/\/smart-outsourcing.com\/accounting-and-tax-services\/","name":"Accounting and Tax Services &bull; Certified Public Accountants | Ihr Rechtsanwalt und Steuerberater in Istanbul","isPartOf":{"@id":"https:\/\/smart-outsourcing.com\/en\/#website"},"datePublished":"2019-01-14T22:33:49+00:00","dateModified":"2022-12-29T12:03:14+00:00","description":"Bookkeeping according to Turkish-GAAP, IFRS, German-GAAP and US-GAAP, analysing the differences and package reporting, Chart of Accounts Integration on demand (HQ) \u2013 SKR 03 & SKR 04 Mapping","breadcrumb":{"@id":"https:\/\/smart-outsourcing.com\/accounting-and-tax-services\/#breadcrumb"},"inLanguage":"de","potentialAction":[{"@type":"ReadAction","target":["https:\/\/smart-outsourcing.com\/accounting-and-tax-services\/"]}]},{"@type":"BreadcrumbList","@id":"https:\/\/smart-outsourcing.com\/accounting-and-tax-services\/#breadcrumb","itemListElement":[{"@type":"ListItem","position":1,"name":"Home","item":"https:\/\/smart-outsourcing.com\/"},{"@type":"ListItem","position":2,"name":"Accounting and Tax Services"}]},{"@type":"WebSite","@id":"https:\/\/smart-outsourcing.com\/en\/#website","url":"https:\/\/smart-outsourcing.com\/en\/","name":"Certified Public Accountants | Ihr Rechtsanwalt und Steuerberater in Istanbul","description":"Accounting | Payroll | Tax | Law | Bookkeeping &amp; Rechts- und Steuerberatungskanzlei in Istanbul - Ihr Steuerberater und Rechstberater in der T\u00fcrkei","publisher":{"@id":"https:\/\/smart-outsourcing.com\/en\/#organization"},"potentialAction":[{"@type":"SearchAction","target":{"@type":"EntryPoint","urlTemplate":"https:\/\/smart-outsourcing.com\/en\/?s={search_term_string}"},"query-input":"required name=search_term_string"}],"inLanguage":"de"},{"@type":"Organization","@id":"https:\/\/smart-outsourcing.com\/en\/#organization","name":"Smart Outsourcing \/ Rechtsanwalts- und Steuerberatungskanzlei Istanbul","url":"https:\/\/smart-outsourcing.com\/en\/","logo":{"@type":"ImageObject","inLanguage":"de","@id":"https:\/\/smart-outsourcing.com\/en\/#\/schema\/logo\/image\/","url":"https:\/\/smart-outsourcing.com\/wp-content\/uploads\/2018\/12\/logo-edited.png","contentUrl":"https:\/\/smart-outsourcing.com\/wp-content\/uploads\/2018\/12\/logo-edited.png","width":1500,"height":1000,"caption":"Smart Outsourcing \/ Rechtsanwalts- und Steuerberatungskanzlei Istanbul"},"image":{"@id":"https:\/\/smart-outsourcing.com\/en\/#\/schema\/logo\/image\/"},"sameAs":["https:\/\/www.instagram.com\/smartoutsourcingistanbul\/","https:\/\/www.linkedin.com\/company\/18522276\/admin\/"]}]}},"_links":{"self":[{"href":"https:\/\/smart-outsourcing.com\/de\/wp-json\/wp\/v2\/pages\/275","targetHints":{"allow":["GET"]}}],"collection":[{"href":"https:\/\/smart-outsourcing.com\/de\/wp-json\/wp\/v2\/pages"}],"about":[{"href":"https:\/\/smart-outsourcing.com\/de\/wp-json\/wp\/v2\/types\/page"}],"author":[{"embeddable":true,"href":"https:\/\/smart-outsourcing.com\/de\/wp-json\/wp\/v2\/users\/1"}],"replies":[{"embeddable":true,"href":"https:\/\/smart-outsourcing.com\/de\/wp-json\/wp\/v2\/comments?post=275"}],"version-history":[{"count":16,"href":"https:\/\/smart-outsourcing.com\/de\/wp-json\/wp\/v2\/pages\/275\/revisions"}],"predecessor-version":[{"id":1145,"href":"https:\/\/smart-outsourcing.com\/de\/wp-json\/wp\/v2\/pages\/275\/revisions\/1145"}],"wp:attachment":[{"href":"https:\/\/smart-outsourcing.com\/de\/wp-json\/wp\/v2\/media?parent=275"}],"curies":[{"name":"wp","href":"https:\/\/api.w.org\/{rel}","templated":true}]}}